{"id":1271,"date":"2026-04-25T09:45:57","date_gmt":"2026-04-25T07:45:57","guid":{"rendered":"https:\/\/scucdf.be\/?page_id=1271"},"modified":"2026-04-25T09:45:59","modified_gmt":"2026-04-25T07:45:59","slug":"balade-walheroise-12-04-2026","status":"publish","type":"page","link":"https:\/\/scucdf.be\/index.php\/balade-walheroise-12-04-2026\/","title":{"rendered":"Balade Walh\u00e9roise 12\/04\/2026"},"content":{"rendered":"\n<p>J&#8217;ai d\u00e9j\u00e0 fait de nombreuses balades au d\u00e9part de fala\u00ebn, bien que celle-ci ait beaucoup de points communs avec d&#8217;autres parcours d\u00e9j\u00e0 propos\u00e9s, elle comporte quelques diff\u00e9rences dont un passage par Morville et Miavoye. Quelques sentiers d\u00e9couverts derni\u00e8rement, m&#8217;ont permis de composer un nouveau parcours reliant quelques villages de l&#8217;antit\u00e9 dont Fter, Anth\u00e9e, Miavoye,G\u00e9rin, Weillen et bien s\u00fbr Fala\u00ebn. En quittant Fala\u00ebn \u00e0 l&#8217;aube, je profite d&#8217;une belle lumi\u00e8re dans le ciel l\u00e9g\u00e8rement voil\u00e9. Je passe devantl&#8217;\u00e9tang de Fter ou la brume se l\u00e8ve avant de rejoindre Anth\u00e9e par le sentier des mines et la ferme du ch\u00e2teau de la Forge . De Anth\u00e9e je me dirige vers Morville pour traverser le bois qui m\u00e8ne \u00e0 Miavoye pour ensuite remonter vers Anth\u00e9e \u00e0 la petite chapelle \u00e0 c\u00f4t\u00e9 de l&#8217;Intermarch\u00e9, de l\u00e0, je continue sur le chemin en direction de Maurenne avant de biffurquer sur G\u00e9rin. J&#8217;emprunte un petit chemin derri\u00e8re les jardins de g\u00e9rin afin de rejoindre la route vers Weillen pour regagner le&#8221;grand bon dieu&#8221; et traverser le village de Wellein vers &#8220;la forge&#8221; et Flun, C&#8217;est le long du Flavion que je rejoins la machine \u00e0 eau de Sommi\u00e8re ou j&#8217;ai la chance de capter le cingle plongeur pr\u00e8s du petit barrage. Aux Hayettes, je termine la balade en revenat sur Fala\u00ebn par la route avec une belle vue sur le village et le ch\u00e2teau-ferme. Au final, apr\u00e8s27km parcourus sous un ciel mitig\u00e9 j&#8217;ai quand m\u00eame savour\u00e9 cette balade dans nos belles campagnes avec la travers\u00e9e de nos beaux villages et quelque belles rencontres sauvages.<\/p>\n\n\n\n<p>Le lien pour t\u00e9l\u00e9charger le fichier GPX de la balade; <a href=\"https:\/\/mega.nz\/file\/4q9DnTiK#cWOsgzzd2stI7cxBJCsLVNnIrogEQRKdFdbQ3tXQI44\">https:\/\/mega.nz\/file\/4q9DnTiK#cWOsgzzd2stI7cxBJCsLVNnIrogEQRKdFdbQ3tXQI44<\/a><\/p>\n\n\n\n<p>Le lien vers l&#8217;album Facebook de la balade; <a href=\"https:\/\/www.facebook.com\/media\/set\/?set=a.122118902601223682&amp;type=3\">https:\/\/www.facebook.com\/media\/set\/?set=a.122118902601223682&amp;type=3<\/a><\/p>\n\n\n\n<figure class=\"wp-block-image size-large\"><img loading=\"lazy\" decoding=\"async\" width=\"1024\" height=\"683\" src=\"https:\/\/scucdf.be\/wp-content\/uploads\/2026\/04\/f0336640-1024x683.jpg\" alt=\"\" class=\"wp-image-1272\" srcset=\"https:\/\/scucdf.be\/wp-content\/uploads\/2026\/04\/f0336640-1024x683.jpg 1024w, https:\/\/scucdf.be\/wp-content\/uploads\/2026\/04\/f0336640-300x200.jpg 300w, https:\/\/scucdf.be\/wp-content\/uploads\/2026\/04\/f0336640-768x512.jpg 768w, https:\/\/scucdf.be\/wp-content\/uploads\/2026\/04\/f0336640-1536x1024.jpg 1536w, https:\/\/scucdf.be\/wp-content\/uploads\/2026\/04\/f0336640-2048x1365.jpg 2048w\" sizes=\"auto, (max-width: 1024px) 100vw, 1024px\" \/><\/figure>\n\n\n\n<figure class=\"wp-block-image size-large\"><img loading=\"lazy\" decoding=\"async\" width=\"1024\" height=\"683\" src=\"https:\/\/scucdf.be\/wp-content\/uploads\/2026\/04\/f0964864-1024x683.jpg\" alt=\"\" class=\"wp-image-1273\" srcset=\"https:\/\/scucdf.be\/wp-content\/uploads\/2026\/04\/f0964864-1024x683.jpg 1024w, https:\/\/scucdf.be\/wp-content\/uploads\/2026\/04\/f0964864-300x200.jpg 300w, https:\/\/scucdf.be\/wp-content\/uploads\/2026\/04\/f0964864-768x512.jpg 768w, https:\/\/scucdf.be\/wp-content\/uploads\/2026\/04\/f0964864-1536x1024.jpg 1536w, https:\/\/scucdf.be\/wp-content\/uploads\/2026\/04\/f0964864-2048x1365.jpg 2048w\" sizes=\"auto, (max-width: 1024px) 100vw, 1024px\" \/><\/figure>\n\n\n\n<figure class=\"wp-block-image size-large\"><img loading=\"lazy\" decoding=\"async\" width=\"1024\" height=\"768\" src=\"https:\/\/scucdf.be\/wp-content\/uploads\/2026\/04\/f2092288-1024x768.jpg\" alt=\"\" class=\"wp-image-1274\" srcset=\"https:\/\/scucdf.be\/wp-content\/uploads\/2026\/04\/f2092288-1024x768.jpg 1024w, https:\/\/scucdf.be\/wp-content\/uploads\/2026\/04\/f2092288-300x225.jpg 300w, https:\/\/scucdf.be\/wp-content\/uploads\/2026\/04\/f2092288-768x576.jpg 768w, https:\/\/scucdf.be\/wp-content\/uploads\/2026\/04\/f2092288-1536x1152.jpg 1536w, https:\/\/scucdf.be\/wp-content\/uploads\/2026\/04\/f2092288-2048x1536.jpg 2048w\" sizes=\"auto, (max-width: 1024px) 100vw, 1024px\" \/><\/figure>\n\n\n\n<figure class=\"wp-block-image size-large\"><img loading=\"lazy\" decoding=\"async\" width=\"1024\" height=\"683\" src=\"https:\/\/scucdf.be\/wp-content\/uploads\/2026\/04\/f3419904-1024x683.jpg\" alt=\"\" class=\"wp-image-1275\" srcset=\"https:\/\/scucdf.be\/wp-content\/uploads\/2026\/04\/f3419904-1024x683.jpg 1024w, https:\/\/scucdf.be\/wp-content\/uploads\/2026\/04\/f3419904-300x200.jpg 300w, https:\/\/scucdf.be\/wp-content\/uploads\/2026\/04\/f3419904-768x512.jpg 768w, https:\/\/scucdf.be\/wp-content\/uploads\/2026\/04\/f3419904-1536x1024.jpg 1536w, https:\/\/scucdf.be\/wp-content\/uploads\/2026\/04\/f3419904-2048x1365.jpg 2048w\" sizes=\"auto, (max-width: 1024px) 100vw, 1024px\" \/><\/figure>\n\n\n\n<figure class=\"wp-block-image size-large\"><img loading=\"lazy\" decoding=\"async\" width=\"768\" height=\"1024\" src=\"https:\/\/scucdf.be\/wp-content\/uploads\/2026\/04\/f4479488-768x1024.jpg\" alt=\"\" class=\"wp-image-1276\" srcset=\"https:\/\/scucdf.be\/wp-content\/uploads\/2026\/04\/f4479488-768x1024.jpg 768w, https:\/\/scucdf.be\/wp-content\/uploads\/2026\/04\/f4479488-225x300.jpg 225w, https:\/\/scucdf.be\/wp-content\/uploads\/2026\/04\/f4479488-1152x1536.jpg 1152w, https:\/\/scucdf.be\/wp-content\/uploads\/2026\/04\/f4479488-1536x2048.jpg 1536w, https:\/\/scucdf.be\/wp-content\/uploads\/2026\/04\/f4479488-scaled.jpg 1920w\" sizes=\"auto, (max-width: 768px) 100vw, 768px\" \/><\/figure>\n\n\n\n<figure class=\"wp-block-image size-large\"><img loading=\"lazy\" decoding=\"async\" width=\"1024\" height=\"768\" src=\"https:\/\/scucdf.be\/wp-content\/uploads\/2026\/04\/f6674688-1024x768.jpg\" alt=\"\" class=\"wp-image-1277\" srcset=\"https:\/\/scucdf.be\/wp-content\/uploads\/2026\/04\/f6674688-1024x768.jpg 1024w, https:\/\/scucdf.be\/wp-content\/uploads\/2026\/04\/f6674688-300x225.jpg 300w, https:\/\/scucdf.be\/wp-content\/uploads\/2026\/04\/f6674688-768x576.jpg 768w, https:\/\/scucdf.be\/wp-content\/uploads\/2026\/04\/f6674688-1536x1152.jpg 1536w, https:\/\/scucdf.be\/wp-content\/uploads\/2026\/04\/f6674688-2048x1536.jpg 2048w\" sizes=\"auto, (max-width: 1024px) 100vw, 1024px\" \/><\/figure>\n\n\n\n<figure class=\"wp-block-image size-large\"><img loading=\"lazy\" decoding=\"async\" width=\"1024\" height=\"768\" src=\"https:\/\/scucdf.be\/wp-content\/uploads\/2026\/04\/f7371520-1024x768.jpg\" alt=\"\" class=\"wp-image-1278\" srcset=\"https:\/\/scucdf.be\/wp-content\/uploads\/2026\/04\/f7371520-1024x768.jpg 1024w, https:\/\/scucdf.be\/wp-content\/uploads\/2026\/04\/f7371520-300x225.jpg 300w, https:\/\/scucdf.be\/wp-content\/uploads\/2026\/04\/f7371520-768x576.jpg 768w, https:\/\/scucdf.be\/wp-content\/uploads\/2026\/04\/f7371520-1536x1152.jpg 1536w, https:\/\/scucdf.be\/wp-content\/uploads\/2026\/04\/f7371520-2048x1536.jpg 2048w\" sizes=\"auto, (max-width: 1024px) 100vw, 1024px\" \/><\/figure>\n\n\n\n<figure class=\"wp-block-image size-large\"><img loading=\"lazy\" decoding=\"async\" width=\"768\" height=\"1024\" src=\"https:\/\/scucdf.be\/wp-content\/uploads\/2026\/04\/f9212416-768x1024.jpg\" alt=\"\" class=\"wp-image-1279\" srcset=\"https:\/\/scucdf.be\/wp-content\/uploads\/2026\/04\/f9212416-768x1024.jpg 768w, https:\/\/scucdf.be\/wp-content\/uploads\/2026\/04\/f9212416-225x300.jpg 225w, https:\/\/scucdf.be\/wp-content\/uploads\/2026\/04\/f9212416-1152x1536.jpg 1152w, https:\/\/scucdf.be\/wp-content\/uploads\/2026\/04\/f9212416-1536x2048.jpg 1536w, https:\/\/scucdf.be\/wp-content\/uploads\/2026\/04\/f9212416-scaled.jpg 1920w\" sizes=\"auto, (max-width: 768px) 100vw, 768px\" \/><\/figure>\n","protected":false},"excerpt":{"rendered":"<p>J&#8217;ai d\u00e9j\u00e0 fait de nombreuses balades au d\u00e9part de fala\u00ebn, bien que celle-ci ait beaucoup de points communs avec d&#8217;autres parcours d\u00e9j\u00e0 propos\u00e9s, elle comporte quelques diff\u00e9rences dont un passage par Morville et Miavoye. Quelques sentiers d\u00e9couverts derni\u00e8rement, m&#8217;ont permis de composer un nouveau parcours reliant quelques villages de l&#8217;antit\u00e9 dont Fter, Anth\u00e9e, Miavoye,G\u00e9rin, Weillen [&hellip;]<\/p>\n","protected":false},"author":3,"featured_media":0,"parent":0,"menu_order":0,"comment_status":"closed","ping_status":"closed","template":"","meta":{"ocean_post_layout":"","ocean_both_sidebars_style":"","ocean_both_sidebars_content_width":0,"ocean_both_sidebars_sidebars_width":0,"ocean_sidebar":"","ocean_second_sidebar":"","ocean_disable_margins":"enable","ocean_add_body_class":"","ocean_shortcode_before_top_bar":"","ocean_shortcode_after_top_bar":"","ocean_shortcode_before_header":"","ocean_shortcode_after_header":"","ocean_has_shortcode":"","ocean_shortcode_after_title":"","ocean_shortcode_before_footer_widgets":"","ocean_shortcode_after_footer_widgets":"","ocean_shortcode_before_footer_bottom":"","ocean_shortcode_after_footer_bottom":"","ocean_display_top_bar":"default","ocean_display_header":"default","ocean_header_style":"","ocean_center_header_left_menu":"","ocean_custom_header_template":"","ocean_custom_logo":0,"ocean_custom_retina_logo":0,"ocean_custom_logo_max_width":0,"ocean_custom_logo_tablet_max_width":0,"ocean_custom_logo_mobile_max_width":0,"ocean_custom_logo_max_height":0,"ocean_custom_logo_tablet_max_height":0,"ocean_custom_logo_mobile_max_height":0,"ocean_header_custom_menu":"","ocean_menu_typo_font_family":"","ocean_menu_typo_font_subset":"","ocean_menu_typo_font_size":0,"ocean_menu_typo_font_size_tablet":0,"ocean_menu_typo_font_size_mobile":0,"ocean_menu_typo_font_size_unit":"px","ocean_menu_typo_font_weight":"","ocean_menu_typo_font_weight_tablet":"","ocean_menu_typo_font_weight_mobile":"","ocean_menu_typo_transform":"","ocean_menu_typo_transform_tablet":"","ocean_menu_typo_transform_mobile":"","ocean_menu_typo_line_height":0,"ocean_menu_typo_line_height_tablet":0,"ocean_menu_typo_line_height_mobile":0,"ocean_menu_typo_line_height_unit":"","ocean_menu_typo_spacing":0,"ocean_menu_typo_spacing_tablet":0,"ocean_menu_typo_spacing_mobile":0,"ocean_menu_typo_spacing_unit":"","ocean_menu_link_color":"","ocean_menu_link_color_hover":"","ocean_menu_link_color_active":"","ocean_menu_link_background":"","ocean_menu_link_hover_background":"","ocean_menu_link_active_background":"","ocean_menu_social_links_bg":"","ocean_menu_social_hover_links_bg":"","ocean_menu_social_links_color":"","ocean_menu_social_hover_links_color":"","ocean_disable_title":"default","ocean_disable_heading":"default","ocean_post_title":"","ocean_post_subheading":"","ocean_post_title_style":"","ocean_post_title_background_color":"","ocean_post_title_background":0,"ocean_post_title_bg_image_position":"","ocean_post_title_bg_image_attachment":"","ocean_post_title_bg_image_repeat":"","ocean_post_title_bg_image_size":"","ocean_post_title_height":0,"ocean_post_title_bg_overlay":0.5,"ocean_post_title_bg_overlay_color":"","ocean_disable_breadcrumbs":"default","ocean_breadcrumbs_color":"","ocean_breadcrumbs_separator_color":"","ocean_breadcrumbs_links_color":"","ocean_breadcrumbs_links_hover_color":"","ocean_display_footer_widgets":"default","ocean_display_footer_bottom":"default","ocean_custom_footer_template":"","footnotes":""},"class_list":["post-1271","page","type-page","status-publish","hentry","entry"],"_links":{"self":[{"href":"https:\/\/scucdf.be\/index.php\/wp-json\/wp\/v2\/pages\/1271","targetHints":{"allow":["GET"]}}],"collection":[{"href":"https:\/\/scucdf.be\/index.php\/wp-json\/wp\/v2\/pages"}],"about":[{"href":"https:\/\/scucdf.be\/index.php\/wp-json\/wp\/v2\/types\/page"}],"author":[{"embeddable":true,"href":"https:\/\/scucdf.be\/index.php\/wp-json\/wp\/v2\/users\/3"}],"replies":[{"embeddable":true,"href":"https:\/\/scucdf.be\/index.php\/wp-json\/wp\/v2\/comments?post=1271"}],"version-history":[{"count":1,"href":"https:\/\/scucdf.be\/index.php\/wp-json\/wp\/v2\/pages\/1271\/revisions"}],"predecessor-version":[{"id":1281,"href":"https:\/\/scucdf.be\/index.php\/wp-json\/wp\/v2\/pages\/1271\/revisions\/1281"}],"wp:attachment":[{"href":"https:\/\/scucdf.be\/index.php\/wp-json\/wp\/v2\/media?parent=1271"}],"curies":[{"name":"wp","href":"https:\/\/api.w.org\/{rel}","templated":true}]}}