{"id":1256,"date":"2026-04-04T18:19:38","date_gmt":"2026-04-04T16:19:38","guid":{"rendered":"https:\/\/scucdf.be\/?page_id=1256"},"modified":"2026-04-04T18:19:40","modified_gmt":"2026-04-04T16:19:40","slug":"balade-des-points-de-vues-ou-lon-ne-voit-rien-15-03-2026","status":"publish","type":"page","link":"https:\/\/scucdf.be\/index.php\/balade-des-points-de-vues-ou-lon-ne-voit-rien-15-03-2026\/","title":{"rendered":"Balade des points de vues o\u00f9 l&#8217;on ne voit rien 15\/03\/2026"},"content":{"rendered":"\n<p>Pour cette balade je suis parti de Dinant au petit matin, le ciel est d\u00e9gag\u00e9, mais au loin, la brume se l\u00e8ve sur la Meuse . Je grimpe par la rue St Jacques vers la Citadelle et Monfat, le brouillard arrive sur Dinant. Apr\u00e8s avoir atteind l&#8217;observatoir Copernic, j&#8217;ai l&#8217;espoir d&#8217;arriver \u00e0 Dinant Adventure avant que la brume n&#8217;ai envahi toute la vall\u00e9e, mais peine perdue..je poursuit ma route vers Dr\u00e9hance dans une belle ambiance . De Dr\u00e9hance je me dirige vers les aiguilles de Chaleux, et l\u00e0, m\u00eame constat, le brouillard ne laisse rien passer! la vue est bouch\u00e9e. Direction Walzin o\u00f9 j&#8217;ai bien cru que le ch\u00e2teau avait disparu. Mais au final quelque beaux clich\u00e9s du ch\u00e2teau dans la brume me r\u00e9confortent. Anseremme, une petite \u00e9claircie, je traverse la meuse \u00e0 l&#8217;\u00e9cluse pour monter sur Moniat. Encore une fois, rien \u00e0 voir, mais les jonquilles dans le bois plus loin compensent . En arrivant sur le sentier des bateliers, le brouillard se dispie enfin pous\u00e9 par une l\u00e9g\u00e8re bise. La vue sur la citadelle et la cit\u00e9 du saxophone sont superbes sous le soleil. Au final, 25km dans des conditions particuli\u00e8res, qui ont apport\u00e9 \u00e0 cette balade un certains charme, m\u00eame sans avoir pu profiter des points de vues habituellement tr\u00e8s sympas . <\/p>\n\n\n\n<p>Le lien vers mon album Facebook ; <a href=\"https:\/\/www.facebook.com\/media\/set\/?set=a.122116313691223682&amp;type=3\">https:\/\/www.facebook.com\/media\/set\/?set=a.122116313691223682&amp;type=3<\/a><\/p>\n\n\n\n<p>Le lien pour t\u00e9l\u00e9charger le fichier GPX de la balade ; <a href=\"https:\/\/mega.nz\/file\/93l2GK5C#jnwUZ7dDdQlu9RD-IEhoUGkHvkCarVfNTOw9pzv4dM4\">https:\/\/mega.nz\/file\/93l2GK5C#jnwUZ7dDdQlu9RD-IEhoUGkHvkCarVfNTOw9pzv4dM4<\/a><\/p>\n\n\n\n<figure class=\"wp-block-image size-large\"><img loading=\"lazy\" decoding=\"async\" width=\"1024\" height=\"683\" src=\"https:\/\/scucdf.be\/wp-content\/uploads\/2026\/04\/1690788-1024x683.jpg\" alt=\"\" class=\"wp-image-1258\" srcset=\"https:\/\/scucdf.be\/wp-content\/uploads\/2026\/04\/1690788-1024x683.jpg 1024w, https:\/\/scucdf.be\/wp-content\/uploads\/2026\/04\/1690788-300x200.jpg 300w, https:\/\/scucdf.be\/wp-content\/uploads\/2026\/04\/1690788-768x512.jpg 768w, https:\/\/scucdf.be\/wp-content\/uploads\/2026\/04\/1690788-1536x1024.jpg 1536w, https:\/\/scucdf.be\/wp-content\/uploads\/2026\/04\/1690788-2048x1365.jpg 2048w\" sizes=\"auto, (max-width: 1024px) 100vw, 1024px\" \/><\/figure>\n\n\n\n<figure class=\"wp-block-image size-large\"><img loading=\"lazy\" decoding=\"async\" width=\"1024\" height=\"768\" src=\"https:\/\/scucdf.be\/wp-content\/uploads\/2026\/04\/1690847-1024x768.jpg\" alt=\"\" class=\"wp-image-1259\" srcset=\"https:\/\/scucdf.be\/wp-content\/uploads\/2026\/04\/1690847-1024x768.jpg 1024w, https:\/\/scucdf.be\/wp-content\/uploads\/2026\/04\/1690847-300x225.jpg 300w, https:\/\/scucdf.be\/wp-content\/uploads\/2026\/04\/1690847-768x576.jpg 768w, https:\/\/scucdf.be\/wp-content\/uploads\/2026\/04\/1690847-1536x1152.jpg 1536w, https:\/\/scucdf.be\/wp-content\/uploads\/2026\/04\/1690847-2048x1536.jpg 2048w\" sizes=\"auto, (max-width: 1024px) 100vw, 1024px\" \/><\/figure>\n\n\n\n<figure class=\"wp-block-image size-large\"><img loading=\"lazy\" decoding=\"async\" width=\"1024\" height=\"683\" src=\"https:\/\/scucdf.be\/wp-content\/uploads\/2026\/04\/1690901-1024x683.jpg\" alt=\"\" class=\"wp-image-1260\" srcset=\"https:\/\/scucdf.be\/wp-content\/uploads\/2026\/04\/1690901-1024x683.jpg 1024w, https:\/\/scucdf.be\/wp-content\/uploads\/2026\/04\/1690901-300x200.jpg 300w, https:\/\/scucdf.be\/wp-content\/uploads\/2026\/04\/1690901-768x512.jpg 768w, https:\/\/scucdf.be\/wp-content\/uploads\/2026\/04\/1690901-1536x1024.jpg 1536w, https:\/\/scucdf.be\/wp-content\/uploads\/2026\/04\/1690901-2048x1365.jpg 2048w\" sizes=\"auto, (max-width: 1024px) 100vw, 1024px\" \/><\/figure>\n\n\n\n<figure class=\"wp-block-image size-large\"><img loading=\"lazy\" decoding=\"async\" width=\"1024\" height=\"683\" src=\"https:\/\/scucdf.be\/wp-content\/uploads\/2026\/04\/1690916-1024x683.jpg\" alt=\"\" class=\"wp-image-1261\" srcset=\"https:\/\/scucdf.be\/wp-content\/uploads\/2026\/04\/1690916-1024x683.jpg 1024w, https:\/\/scucdf.be\/wp-content\/uploads\/2026\/04\/1690916-300x200.jpg 300w, https:\/\/scucdf.be\/wp-content\/uploads\/2026\/04\/1690916-768x512.jpg 768w, https:\/\/scucdf.be\/wp-content\/uploads\/2026\/04\/1690916-1536x1024.jpg 1536w, https:\/\/scucdf.be\/wp-content\/uploads\/2026\/04\/1690916-2048x1365.jpg 2048w\" sizes=\"auto, (max-width: 1024px) 100vw, 1024px\" \/><\/figure>\n\n\n\n<figure class=\"wp-block-image size-large\"><img loading=\"lazy\" decoding=\"async\" width=\"768\" height=\"1024\" src=\"https:\/\/scucdf.be\/wp-content\/uploads\/2026\/04\/1690944-768x1024.jpg\" alt=\"\" class=\"wp-image-1262\" srcset=\"https:\/\/scucdf.be\/wp-content\/uploads\/2026\/04\/1690944-768x1024.jpg 768w, https:\/\/scucdf.be\/wp-content\/uploads\/2026\/04\/1690944-225x300.jpg 225w, https:\/\/scucdf.be\/wp-content\/uploads\/2026\/04\/1690944-1152x1536.jpg 1152w, https:\/\/scucdf.be\/wp-content\/uploads\/2026\/04\/1690944-1536x2048.jpg 1536w, https:\/\/scucdf.be\/wp-content\/uploads\/2026\/04\/1690944-scaled.jpg 1920w\" sizes=\"auto, (max-width: 768px) 100vw, 768px\" \/><\/figure>\n\n\n\n<figure class=\"wp-block-image size-large\"><img loading=\"lazy\" decoding=\"async\" width=\"1024\" height=\"683\" src=\"https:\/\/scucdf.be\/wp-content\/uploads\/2026\/04\/1690989-1024x683.jpg\" alt=\"\" class=\"wp-image-1263\" srcset=\"https:\/\/scucdf.be\/wp-content\/uploads\/2026\/04\/1690989-1024x683.jpg 1024w, https:\/\/scucdf.be\/wp-content\/uploads\/2026\/04\/1690989-300x200.jpg 300w, https:\/\/scucdf.be\/wp-content\/uploads\/2026\/04\/1690989-768x512.jpg 768w, https:\/\/scucdf.be\/wp-content\/uploads\/2026\/04\/1690989-1536x1024.jpg 1536w, https:\/\/scucdf.be\/wp-content\/uploads\/2026\/04\/1690989-2048x1365.jpg 2048w\" sizes=\"auto, (max-width: 1024px) 100vw, 1024px\" \/><\/figure>\n\n\n\n<figure class=\"wp-block-image size-large\"><img loading=\"lazy\" decoding=\"async\" width=\"768\" height=\"1024\" src=\"https:\/\/scucdf.be\/wp-content\/uploads\/2026\/04\/1700011-768x1024.jpg\" alt=\"\" class=\"wp-image-1264\" srcset=\"https:\/\/scucdf.be\/wp-content\/uploads\/2026\/04\/1700011-768x1024.jpg 768w, https:\/\/scucdf.be\/wp-content\/uploads\/2026\/04\/1700011-225x300.jpg 225w, https:\/\/scucdf.be\/wp-content\/uploads\/2026\/04\/1700011-1152x1536.jpg 1152w, https:\/\/scucdf.be\/wp-content\/uploads\/2026\/04\/1700011-1536x2048.jpg 1536w, https:\/\/scucdf.be\/wp-content\/uploads\/2026\/04\/1700011-scaled.jpg 1920w\" sizes=\"auto, (max-width: 768px) 100vw, 768px\" \/><\/figure>\n\n\n\n<figure class=\"wp-block-image size-large\"><img loading=\"lazy\" decoding=\"async\" width=\"1024\" height=\"683\" src=\"https:\/\/scucdf.be\/wp-content\/uploads\/2026\/04\/1700079-1024x683.jpg\" alt=\"\" class=\"wp-image-1265\" srcset=\"https:\/\/scucdf.be\/wp-content\/uploads\/2026\/04\/1700079-1024x683.jpg 1024w, https:\/\/scucdf.be\/wp-content\/uploads\/2026\/04\/1700079-300x200.jpg 300w, https:\/\/scucdf.be\/wp-content\/uploads\/2026\/04\/1700079-768x512.jpg 768w, https:\/\/scucdf.be\/wp-content\/uploads\/2026\/04\/1700079-1536x1024.jpg 1536w, https:\/\/scucdf.be\/wp-content\/uploads\/2026\/04\/1700079-2048x1365.jpg 2048w\" sizes=\"auto, (max-width: 1024px) 100vw, 1024px\" \/><\/figure>\n","protected":false},"excerpt":{"rendered":"<p>Pour cette balade je suis parti de Dinant au petit matin, le ciel est d\u00e9gag\u00e9, mais au loin, la brume se l\u00e8ve sur la Meuse . Je grimpe par la rue St Jacques vers la Citadelle et Monfat, le brouillard arrive sur Dinant. Apr\u00e8s avoir atteind l&#8217;observatoir Copernic, j&#8217;ai l&#8217;espoir d&#8217;arriver \u00e0 Dinant Adventure avant [&hellip;]<\/p>\n","protected":false},"author":3,"featured_media":0,"parent":0,"menu_order":0,"comment_status":"closed","ping_status":"closed","template":"","meta":{"ocean_post_layout":"","ocean_both_sidebars_style":"","ocean_both_sidebars_content_width":0,"ocean_both_sidebars_sidebars_width":0,"ocean_sidebar":"","ocean_second_sidebar":"","ocean_disable_margins":"enable","ocean_add_body_class":"","ocean_shortcode_before_top_bar":"","ocean_shortcode_after_top_bar":"","ocean_shortcode_before_header":"","ocean_shortcode_after_header":"","ocean_has_shortcode":"","ocean_shortcode_after_title":"","ocean_shortcode_before_footer_widgets":"","ocean_shortcode_after_footer_widgets":"","ocean_shortcode_before_footer_bottom":"","ocean_shortcode_after_footer_bottom":"","ocean_display_top_bar":"default","ocean_display_header":"default","ocean_header_style":"","ocean_center_header_left_menu":"","ocean_custom_header_template":"","ocean_custom_logo":0,"ocean_custom_retina_logo":0,"ocean_custom_logo_max_width":0,"ocean_custom_logo_tablet_max_width":0,"ocean_custom_logo_mobile_max_width":0,"ocean_custom_logo_max_height":0,"ocean_custom_logo_tablet_max_height":0,"ocean_custom_logo_mobile_max_height":0,"ocean_header_custom_menu":"","ocean_menu_typo_font_family":"","ocean_menu_typo_font_subset":"","ocean_menu_typo_font_size":0,"ocean_menu_typo_font_size_tablet":0,"ocean_menu_typo_font_size_mobile":0,"ocean_menu_typo_font_size_unit":"px","ocean_menu_typo_font_weight":"","ocean_menu_typo_font_weight_tablet":"","ocean_menu_typo_font_weight_mobile":"","ocean_menu_typo_transform":"","ocean_menu_typo_transform_tablet":"","ocean_menu_typo_transform_mobile":"","ocean_menu_typo_line_height":0,"ocean_menu_typo_line_height_tablet":0,"ocean_menu_typo_line_height_mobile":0,"ocean_menu_typo_line_height_unit":"","ocean_menu_typo_spacing":0,"ocean_menu_typo_spacing_tablet":0,"ocean_menu_typo_spacing_mobile":0,"ocean_menu_typo_spacing_unit":"","ocean_menu_link_color":"","ocean_menu_link_color_hover":"","ocean_menu_link_color_active":"","ocean_menu_link_background":"","ocean_menu_link_hover_background":"","ocean_menu_link_active_background":"","ocean_menu_social_links_bg":"","ocean_menu_social_hover_links_bg":"","ocean_menu_social_links_color":"","ocean_menu_social_hover_links_color":"","ocean_disable_title":"default","ocean_disable_heading":"default","ocean_post_title":"","ocean_post_subheading":"","ocean_post_title_style":"","ocean_post_title_background_color":"","ocean_post_title_background":0,"ocean_post_title_bg_image_position":"","ocean_post_title_bg_image_attachment":"","ocean_post_title_bg_image_repeat":"","ocean_post_title_bg_image_size":"","ocean_post_title_height":0,"ocean_post_title_bg_overlay":0.5,"ocean_post_title_bg_overlay_color":"","ocean_disable_breadcrumbs":"default","ocean_breadcrumbs_color":"","ocean_breadcrumbs_separator_color":"","ocean_breadcrumbs_links_color":"","ocean_breadcrumbs_links_hover_color":"","ocean_display_footer_widgets":"default","ocean_display_footer_bottom":"default","ocean_custom_footer_template":"","footnotes":""},"class_list":["post-1256","page","type-page","status-publish","hentry","entry"],"_links":{"self":[{"href":"https:\/\/scucdf.be\/index.php\/wp-json\/wp\/v2\/pages\/1256","targetHints":{"allow":["GET"]}}],"collection":[{"href":"https:\/\/scucdf.be\/index.php\/wp-json\/wp\/v2\/pages"}],"about":[{"href":"https:\/\/scucdf.be\/index.php\/wp-json\/wp\/v2\/types\/page"}],"author":[{"embeddable":true,"href":"https:\/\/scucdf.be\/index.php\/wp-json\/wp\/v2\/users\/3"}],"replies":[{"embeddable":true,"href":"https:\/\/scucdf.be\/index.php\/wp-json\/wp\/v2\/comments?post=1256"}],"version-history":[{"count":1,"href":"https:\/\/scucdf.be\/index.php\/wp-json\/wp\/v2\/pages\/1256\/revisions"}],"predecessor-version":[{"id":1267,"href":"https:\/\/scucdf.be\/index.php\/wp-json\/wp\/v2\/pages\/1256\/revisions\/1267"}],"wp:attachment":[{"href":"https:\/\/scucdf.be\/index.php\/wp-json\/wp\/v2\/media?parent=1256"}],"curies":[{"name":"wp","href":"https:\/\/api.w.org\/{rel}","templated":true}]}}