{"id":1245,"date":"2026-03-11T18:16:12","date_gmt":"2026-03-11T17:16:12","guid":{"rendered":"https:\/\/scucdf.be\/?page_id=1245"},"modified":"2026-03-11T18:16:13","modified_gmt":"2026-03-11T17:16:13","slug":"balade-chassepierre-point-de-vue-de-bohanan-azy-01-03-2026","status":"publish","type":"page","link":"https:\/\/scucdf.be\/index.php\/balade-chassepierre-point-de-vue-de-bohanan-azy-01-03-2026\/","title":{"rendered":"Balade Chassepierre- point de vue de Bohanan (Azy) 01\/03\/2026"},"content":{"rendered":"\n<p>Apr\u00e8s avoir visit\u00e9 Chassepierre, je suis parti sans but pr\u00e9cis, je me suis laiss\u00e9 emport\u00e9 par la Semois. Apr\u00e8s avoir travers\u00e9 les villages de La\u00eeche et de Azy, j&#8217;ai suivi le fl\u00e8chage de la Bohanan, une petite boucle magnifique avec son point de vue sur la Semois, et son passge au bord de la rivi\u00e8re avant de revenir au point de d\u00e9part. Pas trop longue et pas vraiment difficile, il est quand m\u00eame possible que certains endroits soient sous eau lors de fortes pluies, il existe une d\u00e9viation pour les \u00e9viter. Le balisage de la Bohananest tr\u00e8s bien visible si vous voulez partir directement de Azy.<\/p>\n\n\n\n<p>Le lien pour t\u00e9l\u00e9charger le fichier GPX de la balade ;  <a href=\"https:\/\/mega.nz\/file\/YudBHJJB#PgP7PFjQK1C3sz5p_OMovoyv8XsdVU0uSaPfZzha3DU\">https:\/\/mega.nz\/file\/YudBHJJB#PgP7PFjQK1C3sz5p_OMovoyv8XsdVU0uSaPfZzha3DU<\/a><\/p>\n\n\n\n<p>Le lien pour revoir l&#8217;album Facebook de la balade ; <a href=\"https:\/\/www.facebook.com\/media\/set\/?set=a.122113264359223682&amp;type=3\">https:\/\/www.facebook.com\/media\/set\/?set=a.122113264359223682&amp;type=3<\/a><\/p>\n\n\n\n<figure class=\"wp-block-image size-large\"><img loading=\"lazy\" decoding=\"async\" width=\"1024\" height=\"683\" src=\"https:\/\/scucdf.be\/wp-content\/uploads\/2026\/03\/1690018-1024x683.jpg\" alt=\"\" class=\"wp-image-1246\" srcset=\"https:\/\/scucdf.be\/wp-content\/uploads\/2026\/03\/1690018-1024x683.jpg 1024w, https:\/\/scucdf.be\/wp-content\/uploads\/2026\/03\/1690018-300x200.jpg 300w, https:\/\/scucdf.be\/wp-content\/uploads\/2026\/03\/1690018-768x512.jpg 768w, https:\/\/scucdf.be\/wp-content\/uploads\/2026\/03\/1690018-1536x1024.jpg 1536w, https:\/\/scucdf.be\/wp-content\/uploads\/2026\/03\/1690018-2048x1365.jpg 2048w\" sizes=\"auto, (max-width: 1024px) 100vw, 1024px\" \/><\/figure>\n\n\n\n<figure class=\"wp-block-image size-large\"><img loading=\"lazy\" decoding=\"async\" width=\"1024\" height=\"683\" src=\"https:\/\/scucdf.be\/wp-content\/uploads\/2026\/03\/1690062-1024x683.jpg\" alt=\"\" class=\"wp-image-1247\" srcset=\"https:\/\/scucdf.be\/wp-content\/uploads\/2026\/03\/1690062-1024x683.jpg 1024w, https:\/\/scucdf.be\/wp-content\/uploads\/2026\/03\/1690062-300x200.jpg 300w, https:\/\/scucdf.be\/wp-content\/uploads\/2026\/03\/1690062-768x512.jpg 768w, https:\/\/scucdf.be\/wp-content\/uploads\/2026\/03\/1690062-1536x1024.jpg 1536w, https:\/\/scucdf.be\/wp-content\/uploads\/2026\/03\/1690062-2048x1365.jpg 2048w\" sizes=\"auto, (max-width: 1024px) 100vw, 1024px\" \/><\/figure>\n\n\n\n<figure class=\"wp-block-image size-large\"><img loading=\"lazy\" decoding=\"async\" width=\"1024\" height=\"768\" src=\"https:\/\/scucdf.be\/wp-content\/uploads\/2026\/03\/1690097-1024x768.jpg\" alt=\"\" class=\"wp-image-1248\" srcset=\"https:\/\/scucdf.be\/wp-content\/uploads\/2026\/03\/1690097-1024x768.jpg 1024w, https:\/\/scucdf.be\/wp-content\/uploads\/2026\/03\/1690097-300x225.jpg 300w, https:\/\/scucdf.be\/wp-content\/uploads\/2026\/03\/1690097-768x576.jpg 768w, https:\/\/scucdf.be\/wp-content\/uploads\/2026\/03\/1690097-1536x1152.jpg 1536w, https:\/\/scucdf.be\/wp-content\/uploads\/2026\/03\/1690097-2048x1536.jpg 2048w\" sizes=\"auto, (max-width: 1024px) 100vw, 1024px\" \/><\/figure>\n\n\n\n<figure class=\"wp-block-image size-large\"><img loading=\"lazy\" decoding=\"async\" width=\"1024\" height=\"768\" src=\"https:\/\/scucdf.be\/wp-content\/uploads\/2026\/03\/1690135-1024x768.jpg\" alt=\"\" class=\"wp-image-1249\" srcset=\"https:\/\/scucdf.be\/wp-content\/uploads\/2026\/03\/1690135-1024x768.jpg 1024w, https:\/\/scucdf.be\/wp-content\/uploads\/2026\/03\/1690135-300x225.jpg 300w, https:\/\/scucdf.be\/wp-content\/uploads\/2026\/03\/1690135-768x576.jpg 768w, https:\/\/scucdf.be\/wp-content\/uploads\/2026\/03\/1690135-1536x1152.jpg 1536w, https:\/\/scucdf.be\/wp-content\/uploads\/2026\/03\/1690135-2048x1536.jpg 2048w\" sizes=\"auto, (max-width: 1024px) 100vw, 1024px\" \/><\/figure>\n\n\n\n<figure class=\"wp-block-image size-large\"><img loading=\"lazy\" decoding=\"async\" width=\"1024\" height=\"768\" src=\"https:\/\/scucdf.be\/wp-content\/uploads\/2026\/03\/1690164-1024x768.jpg\" alt=\"\" class=\"wp-image-1250\" srcset=\"https:\/\/scucdf.be\/wp-content\/uploads\/2026\/03\/1690164-1024x768.jpg 1024w, https:\/\/scucdf.be\/wp-content\/uploads\/2026\/03\/1690164-300x225.jpg 300w, https:\/\/scucdf.be\/wp-content\/uploads\/2026\/03\/1690164-768x576.jpg 768w, https:\/\/scucdf.be\/wp-content\/uploads\/2026\/03\/1690164-1536x1152.jpg 1536w, https:\/\/scucdf.be\/wp-content\/uploads\/2026\/03\/1690164-2048x1536.jpg 2048w\" sizes=\"auto, (max-width: 1024px) 100vw, 1024px\" \/><\/figure>\n\n\n\n<figure class=\"wp-block-image size-large\"><img loading=\"lazy\" decoding=\"async\" width=\"768\" height=\"1024\" src=\"https:\/\/scucdf.be\/wp-content\/uploads\/2026\/03\/1690218-768x1024.jpg\" alt=\"\" class=\"wp-image-1251\" srcset=\"https:\/\/scucdf.be\/wp-content\/uploads\/2026\/03\/1690218-768x1024.jpg 768w, https:\/\/scucdf.be\/wp-content\/uploads\/2026\/03\/1690218-225x300.jpg 225w, https:\/\/scucdf.be\/wp-content\/uploads\/2026\/03\/1690218-1152x1536.jpg 1152w, https:\/\/scucdf.be\/wp-content\/uploads\/2026\/03\/1690218-1536x2048.jpg 1536w, https:\/\/scucdf.be\/wp-content\/uploads\/2026\/03\/1690218-scaled.jpg 1920w\" sizes=\"auto, (max-width: 768px) 100vw, 768px\" \/><\/figure>\n\n\n\n<figure class=\"wp-block-image size-large\"><img loading=\"lazy\" decoding=\"async\" width=\"1024\" height=\"768\" src=\"https:\/\/scucdf.be\/wp-content\/uploads\/2026\/03\/1690305-1024x768.jpg\" alt=\"\" class=\"wp-image-1252\" srcset=\"https:\/\/scucdf.be\/wp-content\/uploads\/2026\/03\/1690305-1024x768.jpg 1024w, https:\/\/scucdf.be\/wp-content\/uploads\/2026\/03\/1690305-300x225.jpg 300w, https:\/\/scucdf.be\/wp-content\/uploads\/2026\/03\/1690305-768x576.jpg 768w, https:\/\/scucdf.be\/wp-content\/uploads\/2026\/03\/1690305-1536x1152.jpg 1536w, https:\/\/scucdf.be\/wp-content\/uploads\/2026\/03\/1690305-2048x1536.jpg 2048w\" sizes=\"auto, (max-width: 1024px) 100vw, 1024px\" \/><\/figure>\n","protected":false},"excerpt":{"rendered":"<p>Apr\u00e8s avoir visit\u00e9 Chassepierre, je suis parti sans but pr\u00e9cis, je me suis laiss\u00e9 emport\u00e9 par la Semois. Apr\u00e8s avoir travers\u00e9 les villages de La\u00eeche et de Azy, j&#8217;ai suivi le fl\u00e8chage de la Bohanan, une petite boucle magnifique avec son point de vue sur la Semois, et son passge au bord de la rivi\u00e8re [&hellip;]<\/p>\n","protected":false},"author":3,"featured_media":0,"parent":0,"menu_order":0,"comment_status":"closed","ping_status":"closed","template":"","meta":{"ocean_post_layout":"","ocean_both_sidebars_style":"","ocean_both_sidebars_content_width":0,"ocean_both_sidebars_sidebars_width":0,"ocean_sidebar":"","ocean_second_sidebar":"","ocean_disable_margins":"enable","ocean_add_body_class":"","ocean_shortcode_before_top_bar":"","ocean_shortcode_after_top_bar":"","ocean_shortcode_before_header":"","ocean_shortcode_after_header":"","ocean_has_shortcode":"","ocean_shortcode_after_title":"","ocean_shortcode_before_footer_widgets":"","ocean_shortcode_after_footer_widgets":"","ocean_shortcode_before_footer_bottom":"","ocean_shortcode_after_footer_bottom":"","ocean_display_top_bar":"default","ocean_display_header":"default","ocean_header_style":"","ocean_center_header_left_menu":"","ocean_custom_header_template":"","ocean_custom_logo":0,"ocean_custom_retina_logo":0,"ocean_custom_logo_max_width":0,"ocean_custom_logo_tablet_max_width":0,"ocean_custom_logo_mobile_max_width":0,"ocean_custom_logo_max_height":0,"ocean_custom_logo_tablet_max_height":0,"ocean_custom_logo_mobile_max_height":0,"ocean_header_custom_menu":"","ocean_menu_typo_font_family":"","ocean_menu_typo_font_subset":"","ocean_menu_typo_font_size":0,"ocean_menu_typo_font_size_tablet":0,"ocean_menu_typo_font_size_mobile":0,"ocean_menu_typo_font_size_unit":"px","ocean_menu_typo_font_weight":"","ocean_menu_typo_font_weight_tablet":"","ocean_menu_typo_font_weight_mobile":"","ocean_menu_typo_transform":"","ocean_menu_typo_transform_tablet":"","ocean_menu_typo_transform_mobile":"","ocean_menu_typo_line_height":0,"ocean_menu_typo_line_height_tablet":0,"ocean_menu_typo_line_height_mobile":0,"ocean_menu_typo_line_height_unit":"","ocean_menu_typo_spacing":0,"ocean_menu_typo_spacing_tablet":0,"ocean_menu_typo_spacing_mobile":0,"ocean_menu_typo_spacing_unit":"","ocean_menu_link_color":"","ocean_menu_link_color_hover":"","ocean_menu_link_color_active":"","ocean_menu_link_background":"","ocean_menu_link_hover_background":"","ocean_menu_link_active_background":"","ocean_menu_social_links_bg":"","ocean_menu_social_hover_links_bg":"","ocean_menu_social_links_color":"","ocean_menu_social_hover_links_color":"","ocean_disable_title":"default","ocean_disable_heading":"default","ocean_post_title":"","ocean_post_subheading":"","ocean_post_title_style":"","ocean_post_title_background_color":"","ocean_post_title_background":0,"ocean_post_title_bg_image_position":"","ocean_post_title_bg_image_attachment":"","ocean_post_title_bg_image_repeat":"","ocean_post_title_bg_image_size":"","ocean_post_title_height":0,"ocean_post_title_bg_overlay":0.5,"ocean_post_title_bg_overlay_color":"","ocean_disable_breadcrumbs":"default","ocean_breadcrumbs_color":"","ocean_breadcrumbs_separator_color":"","ocean_breadcrumbs_links_color":"","ocean_breadcrumbs_links_hover_color":"","ocean_display_footer_widgets":"default","ocean_display_footer_bottom":"default","ocean_custom_footer_template":"","footnotes":""},"class_list":["post-1245","page","type-page","status-publish","hentry","entry"],"_links":{"self":[{"href":"https:\/\/scucdf.be\/index.php\/wp-json\/wp\/v2\/pages\/1245","targetHints":{"allow":["GET"]}}],"collection":[{"href":"https:\/\/scucdf.be\/index.php\/wp-json\/wp\/v2\/pages"}],"about":[{"href":"https:\/\/scucdf.be\/index.php\/wp-json\/wp\/v2\/types\/page"}],"author":[{"embeddable":true,"href":"https:\/\/scucdf.be\/index.php\/wp-json\/wp\/v2\/users\/3"}],"replies":[{"embeddable":true,"href":"https:\/\/scucdf.be\/index.php\/wp-json\/wp\/v2\/comments?post=1245"}],"version-history":[{"count":1,"href":"https:\/\/scucdf.be\/index.php\/wp-json\/wp\/v2\/pages\/1245\/revisions"}],"predecessor-version":[{"id":1254,"href":"https:\/\/scucdf.be\/index.php\/wp-json\/wp\/v2\/pages\/1245\/revisions\/1254"}],"wp:attachment":[{"href":"https:\/\/scucdf.be\/index.php\/wp-json\/wp\/v2\/media?parent=1245"}],"curies":[{"name":"wp","href":"https:\/\/api.w.org\/{rel}","templated":true}]}}