{"id":1232,"date":"2026-03-04T18:22:58","date_gmt":"2026-03-04T17:22:58","guid":{"rendered":"https:\/\/scucdf.be\/?page_id=1232"},"modified":"2026-03-04T18:22:59","modified_gmt":"2026-03-04T17:22:59","slug":"balade-walheroise-15-02-2026","status":"publish","type":"page","link":"https:\/\/scucdf.be\/index.php\/balade-walheroise-15-02-2026\/","title":{"rendered":"Balade Walh\u00e9roise 15\/02\/2026"},"content":{"rendered":"\n<p>Partir de Fala\u00ebn \u00e0 l&#8217;aube par une bellel matin\u00e9re hivernale,  et d\u00e9couvrir les campagnes walh\u00e9roises sous un beau soleil, voil\u00e0 ce que j&#8217;adore ! Ce dimanche matin, je suis parti de la maison en direction de Fter pour admirer le ciel et ses magnifiques couleurs au-dessus de fala\u00ebn et des campagnes entre Fter et mon village d&#8217;adoption. Apr\u00e8s avoir savour\u00e9 le spectacle offert par le ciel, je suis tomb\u00e9 sur les daguets en train de jouer et de se nourrir dans le champs au-dessus de l&#8217;\u00e9tang de Fter. L&#8217;\u00e9tang ou le calme reigne en ce beau matin, m&#8217;offre un autre moment agr\u00e9able. Je poursuit ma route vers Serville par un sentier qui quitte le hameau de Fter avant de rejoindre &#8220;mon arbre&#8221; au-dessus de l&#8217;\u00e9glise de Serville . Je continue \u00e0 travers Serville pour regagner G\u00e9rin par la nouvelle voie verte et lente ou les travaux sont presque termin\u00e9s (il reste un tron\u00e7on \u00e0 finir \u00e0 l&#8217;arriv\u00e9e sur G\u00e9rin) Cette fois, je passe dans le charmant petit village de g\u00e9rin avant de me diriger sur Onhaye. Onhaye ou j&#8217;emprunte les sentiers qui passe pr\u00e8s de l&#8217;\u00e9cole communale et l&#8217;\u00e9glise avant de revenir vers la place et de rejoindre Weillen par la voie verte et lende jusqu&#8217;\u00e0 la coop\u00e9rative agricole. De la je prends la direction du &#8220;grand bondieu&#8221; pour traverser le village de Weillen en passant devant le ch\u00e2teau. Je descend vers l&#8217;ancienne forge ou je retrouve le Flavion que je longe jusqu&#8217;\u00e0 la machine \u00e0 eau de Sommi\u00e8re . A la ferme des Hayettes, Praline vient me saluer paisiblement avant que je ne traverse la prairie pour aller voir le barrage de castors sur le Flavion. Le retour \u00e0 Fala\u00ebn se fait par la belle chapelle non loin de la fermette. Surprise, j&#8217;ai \u00e0 nouveau droit \u00e0 des chevrettes et dagutes dans le champs \u00e0 proximit\u00e9 ! Au final, une vingtaine de kilom\u00e8tres sont aval\u00e9s sans m\u00eame m&#8217;en apercevoir tellement les paysages et la nature m&#8217;ont r\u00e9gal\u00e9&#8230; Cette balade comporte pas mal de petites routes de campagnes, peu fr\u00e9quant\u00e9es pour ne rien g\u00e2cher au plaisir, seule la descente du &#8221; grand bon dieu est un peu glissante avec la boue, pour le reste les chemins sont facilles \u00e0 pratiquer. Alors, elles ne sont pas belles nos campagnes Walh\u00e9roises ?! <\/p>\n\n\n\n<p>Le lien pour t\u00e9l\u00e9charger le fichier GPX de la balade ; <a href=\"https:\/\/mega.nz\/file\/B3NjEBQI#S1tWPippsVzK2CVZwM87gxssMYHvGVXD4m4pNXvrJsU\">https:\/\/mega.nz\/file\/B3NjEBQI#S1tWPippsVzK2CVZwM87gxssMYHvGVXD4m4pNXvrJsU<\/a><\/p>\n\n\n\n<p>Le lien pour revoir l&#8217;album Facebook ; <a href=\"https:\/\/www.facebook.com\/media\/set\/?set=a.122112341781223682&amp;type=3\">https:\/\/www.facebook.com\/media\/set\/?set=a.122112341781223682&amp;type=3<\/a><\/p>\n\n\n\n<figure class=\"wp-block-image size-large\"><img loading=\"lazy\" decoding=\"async\" width=\"1024\" height=\"768\" src=\"https:\/\/scucdf.be\/wp-content\/uploads\/2026\/03\/1670746-1024x768.jpg\" alt=\"\" class=\"wp-image-1233\" srcset=\"https:\/\/scucdf.be\/wp-content\/uploads\/2026\/03\/1670746-1024x768.jpg 1024w, https:\/\/scucdf.be\/wp-content\/uploads\/2026\/03\/1670746-300x225.jpg 300w, https:\/\/scucdf.be\/wp-content\/uploads\/2026\/03\/1670746-768x576.jpg 768w, https:\/\/scucdf.be\/wp-content\/uploads\/2026\/03\/1670746-1536x1152.jpg 1536w, https:\/\/scucdf.be\/wp-content\/uploads\/2026\/03\/1670746-2048x1536.jpg 2048w\" sizes=\"auto, (max-width: 1024px) 100vw, 1024px\" \/><\/figure>\n\n\n\n<figure class=\"wp-block-image size-large\"><img loading=\"lazy\" decoding=\"async\" width=\"1024\" height=\"768\" src=\"https:\/\/scucdf.be\/wp-content\/uploads\/2026\/03\/1670855-1024x768.jpg\" alt=\"\" class=\"wp-image-1234\" srcset=\"https:\/\/scucdf.be\/wp-content\/uploads\/2026\/03\/1670855-1024x768.jpg 1024w, https:\/\/scucdf.be\/wp-content\/uploads\/2026\/03\/1670855-300x225.jpg 300w, https:\/\/scucdf.be\/wp-content\/uploads\/2026\/03\/1670855-768x576.jpg 768w, https:\/\/scucdf.be\/wp-content\/uploads\/2026\/03\/1670855-1536x1152.jpg 1536w, https:\/\/scucdf.be\/wp-content\/uploads\/2026\/03\/1670855-2048x1536.jpg 2048w\" sizes=\"auto, (max-width: 1024px) 100vw, 1024px\" \/><\/figure>\n\n\n\n<figure class=\"wp-block-image size-large\"><img loading=\"lazy\" decoding=\"async\" width=\"1024\" height=\"768\" src=\"https:\/\/scucdf.be\/wp-content\/uploads\/2026\/03\/1670879-1024x768.jpg\" alt=\"\" class=\"wp-image-1235\" srcset=\"https:\/\/scucdf.be\/wp-content\/uploads\/2026\/03\/1670879-1024x768.jpg 1024w, https:\/\/scucdf.be\/wp-content\/uploads\/2026\/03\/1670879-300x225.jpg 300w, https:\/\/scucdf.be\/wp-content\/uploads\/2026\/03\/1670879-768x576.jpg 768w, https:\/\/scucdf.be\/wp-content\/uploads\/2026\/03\/1670879-1536x1152.jpg 1536w, https:\/\/scucdf.be\/wp-content\/uploads\/2026\/03\/1670879-2048x1536.jpg 2048w\" sizes=\"auto, (max-width: 1024px) 100vw, 1024px\" \/><\/figure>\n\n\n\n<figure class=\"wp-block-image size-large\"><img loading=\"lazy\" decoding=\"async\" width=\"1024\" height=\"683\" src=\"https:\/\/scucdf.be\/wp-content\/uploads\/2026\/03\/1670922-1024x683.jpg\" alt=\"\" class=\"wp-image-1236\" srcset=\"https:\/\/scucdf.be\/wp-content\/uploads\/2026\/03\/1670922-1024x683.jpg 1024w, https:\/\/scucdf.be\/wp-content\/uploads\/2026\/03\/1670922-300x200.jpg 300w, https:\/\/scucdf.be\/wp-content\/uploads\/2026\/03\/1670922-768x512.jpg 768w, https:\/\/scucdf.be\/wp-content\/uploads\/2026\/03\/1670922-1536x1024.jpg 1536w, https:\/\/scucdf.be\/wp-content\/uploads\/2026\/03\/1670922-2048x1365.jpg 2048w\" sizes=\"auto, (max-width: 1024px) 100vw, 1024px\" \/><\/figure>\n\n\n\n<figure class=\"wp-block-image size-large\"><img loading=\"lazy\" decoding=\"async\" width=\"1024\" height=\"768\" src=\"https:\/\/scucdf.be\/wp-content\/uploads\/2026\/03\/1670948-1024x768.jpg\" alt=\"\" class=\"wp-image-1237\" srcset=\"https:\/\/scucdf.be\/wp-content\/uploads\/2026\/03\/1670948-1024x768.jpg 1024w, https:\/\/scucdf.be\/wp-content\/uploads\/2026\/03\/1670948-300x225.jpg 300w, https:\/\/scucdf.be\/wp-content\/uploads\/2026\/03\/1670948-768x576.jpg 768w, https:\/\/scucdf.be\/wp-content\/uploads\/2026\/03\/1670948-1536x1152.jpg 1536w, https:\/\/scucdf.be\/wp-content\/uploads\/2026\/03\/1670948-2048x1536.jpg 2048w\" sizes=\"auto, (max-width: 1024px) 100vw, 1024px\" \/><\/figure>\n\n\n\n<figure class=\"wp-block-image size-large\"><img loading=\"lazy\" decoding=\"async\" width=\"1024\" height=\"768\" src=\"https:\/\/scucdf.be\/wp-content\/uploads\/2026\/03\/1670967-1024x768.jpg\" alt=\"\" class=\"wp-image-1238\" srcset=\"https:\/\/scucdf.be\/wp-content\/uploads\/2026\/03\/1670967-1024x768.jpg 1024w, https:\/\/scucdf.be\/wp-content\/uploads\/2026\/03\/1670967-300x225.jpg 300w, https:\/\/scucdf.be\/wp-content\/uploads\/2026\/03\/1670967-768x576.jpg 768w, https:\/\/scucdf.be\/wp-content\/uploads\/2026\/03\/1670967-1536x1152.jpg 1536w, https:\/\/scucdf.be\/wp-content\/uploads\/2026\/03\/1670967-2048x1536.jpg 2048w\" sizes=\"auto, (max-width: 1024px) 100vw, 1024px\" \/><\/figure>\n\n\n\n<figure class=\"wp-block-image size-large\"><img loading=\"lazy\" decoding=\"async\" width=\"1024\" height=\"768\" src=\"https:\/\/scucdf.be\/wp-content\/uploads\/2026\/03\/1670987-1024x768.jpg\" alt=\"\" class=\"wp-image-1239\" srcset=\"https:\/\/scucdf.be\/wp-content\/uploads\/2026\/03\/1670987-1024x768.jpg 1024w, https:\/\/scucdf.be\/wp-content\/uploads\/2026\/03\/1670987-300x225.jpg 300w, https:\/\/scucdf.be\/wp-content\/uploads\/2026\/03\/1670987-768x576.jpg 768w, https:\/\/scucdf.be\/wp-content\/uploads\/2026\/03\/1670987-1536x1152.jpg 1536w, https:\/\/scucdf.be\/wp-content\/uploads\/2026\/03\/1670987-2048x1536.jpg 2048w\" sizes=\"auto, (max-width: 1024px) 100vw, 1024px\" \/><\/figure>\n\n\n\n<figure class=\"wp-block-image size-large\"><img loading=\"lazy\" decoding=\"async\" width=\"768\" height=\"1024\" src=\"https:\/\/scucdf.be\/wp-content\/uploads\/2026\/03\/1680055-768x1024.jpg\" alt=\"\" class=\"wp-image-1240\" srcset=\"https:\/\/scucdf.be\/wp-content\/uploads\/2026\/03\/1680055-768x1024.jpg 768w, https:\/\/scucdf.be\/wp-content\/uploads\/2026\/03\/1680055-225x300.jpg 225w, https:\/\/scucdf.be\/wp-content\/uploads\/2026\/03\/1680055-1152x1536.jpg 1152w, https:\/\/scucdf.be\/wp-content\/uploads\/2026\/03\/1680055-1536x2048.jpg 1536w, https:\/\/scucdf.be\/wp-content\/uploads\/2026\/03\/1680055-scaled.jpg 1920w\" sizes=\"auto, (max-width: 768px) 100vw, 768px\" \/><\/figure>\n\n\n\n<figure class=\"wp-block-image size-large\"><img loading=\"lazy\" decoding=\"async\" width=\"768\" height=\"1024\" src=\"https:\/\/scucdf.be\/wp-content\/uploads\/2026\/03\/1680094-768x1024.jpg\" alt=\"\" class=\"wp-image-1241\" srcset=\"https:\/\/scucdf.be\/wp-content\/uploads\/2026\/03\/1680094-768x1024.jpg 768w, https:\/\/scucdf.be\/wp-content\/uploads\/2026\/03\/1680094-225x300.jpg 225w, https:\/\/scucdf.be\/wp-content\/uploads\/2026\/03\/1680094-1152x1536.jpg 1152w, https:\/\/scucdf.be\/wp-content\/uploads\/2026\/03\/1680094-1536x2048.jpg 1536w, https:\/\/scucdf.be\/wp-content\/uploads\/2026\/03\/1680094-scaled.jpg 1920w\" sizes=\"auto, (max-width: 768px) 100vw, 768px\" \/><\/figure>\n","protected":false},"excerpt":{"rendered":"<p>Partir de Fala\u00ebn \u00e0 l&#8217;aube par une bellel matin\u00e9re hivernale, et d\u00e9couvrir les campagnes walh\u00e9roises sous un beau soleil, voil\u00e0 ce que j&#8217;adore ! Ce dimanche matin, je suis parti de la maison en direction de Fter pour admirer le ciel et ses magnifiques couleurs au-dessus de fala\u00ebn et des campagnes entre Fter et mon [&hellip;]<\/p>\n","protected":false},"author":3,"featured_media":0,"parent":0,"menu_order":0,"comment_status":"closed","ping_status":"closed","template":"","meta":{"ocean_post_layout":"","ocean_both_sidebars_style":"","ocean_both_sidebars_content_width":0,"ocean_both_sidebars_sidebars_width":0,"ocean_sidebar":"","ocean_second_sidebar":"","ocean_disable_margins":"enable","ocean_add_body_class":"","ocean_shortcode_before_top_bar":"","ocean_shortcode_after_top_bar":"","ocean_shortcode_before_header":"","ocean_shortcode_after_header":"","ocean_has_shortcode":"","ocean_shortcode_after_title":"","ocean_shortcode_before_footer_widgets":"","ocean_shortcode_after_footer_widgets":"","ocean_shortcode_before_footer_bottom":"","ocean_shortcode_after_footer_bottom":"","ocean_display_top_bar":"default","ocean_display_header":"default","ocean_header_style":"","ocean_center_header_left_menu":"","ocean_custom_header_template":"","ocean_custom_logo":0,"ocean_custom_retina_logo":0,"ocean_custom_logo_max_width":0,"ocean_custom_logo_tablet_max_width":0,"ocean_custom_logo_mobile_max_width":0,"ocean_custom_logo_max_height":0,"ocean_custom_logo_tablet_max_height":0,"ocean_custom_logo_mobile_max_height":0,"ocean_header_custom_menu":"","ocean_menu_typo_font_family":"","ocean_menu_typo_font_subset":"","ocean_menu_typo_font_size":0,"ocean_menu_typo_font_size_tablet":0,"ocean_menu_typo_font_size_mobile":0,"ocean_menu_typo_font_size_unit":"px","ocean_menu_typo_font_weight":"","ocean_menu_typo_font_weight_tablet":"","ocean_menu_typo_font_weight_mobile":"","ocean_menu_typo_transform":"","ocean_menu_typo_transform_tablet":"","ocean_menu_typo_transform_mobile":"","ocean_menu_typo_line_height":0,"ocean_menu_typo_line_height_tablet":0,"ocean_menu_typo_line_height_mobile":0,"ocean_menu_typo_line_height_unit":"","ocean_menu_typo_spacing":0,"ocean_menu_typo_spacing_tablet":0,"ocean_menu_typo_spacing_mobile":0,"ocean_menu_typo_spacing_unit":"","ocean_menu_link_color":"","ocean_menu_link_color_hover":"","ocean_menu_link_color_active":"","ocean_menu_link_background":"","ocean_menu_link_hover_background":"","ocean_menu_link_active_background":"","ocean_menu_social_links_bg":"","ocean_menu_social_hover_links_bg":"","ocean_menu_social_links_color":"","ocean_menu_social_hover_links_color":"","ocean_disable_title":"default","ocean_disable_heading":"default","ocean_post_title":"","ocean_post_subheading":"","ocean_post_title_style":"","ocean_post_title_background_color":"","ocean_post_title_background":0,"ocean_post_title_bg_image_position":"","ocean_post_title_bg_image_attachment":"","ocean_post_title_bg_image_repeat":"","ocean_post_title_bg_image_size":"","ocean_post_title_height":0,"ocean_post_title_bg_overlay":0.5,"ocean_post_title_bg_overlay_color":"","ocean_disable_breadcrumbs":"default","ocean_breadcrumbs_color":"","ocean_breadcrumbs_separator_color":"","ocean_breadcrumbs_links_color":"","ocean_breadcrumbs_links_hover_color":"","ocean_display_footer_widgets":"default","ocean_display_footer_bottom":"default","ocean_custom_footer_template":"","footnotes":""},"class_list":["post-1232","page","type-page","status-publish","hentry","entry"],"_links":{"self":[{"href":"https:\/\/scucdf.be\/index.php\/wp-json\/wp\/v2\/pages\/1232","targetHints":{"allow":["GET"]}}],"collection":[{"href":"https:\/\/scucdf.be\/index.php\/wp-json\/wp\/v2\/pages"}],"about":[{"href":"https:\/\/scucdf.be\/index.php\/wp-json\/wp\/v2\/types\/page"}],"author":[{"embeddable":true,"href":"https:\/\/scucdf.be\/index.php\/wp-json\/wp\/v2\/users\/3"}],"replies":[{"embeddable":true,"href":"https:\/\/scucdf.be\/index.php\/wp-json\/wp\/v2\/comments?post=1232"}],"version-history":[{"count":1,"href":"https:\/\/scucdf.be\/index.php\/wp-json\/wp\/v2\/pages\/1232\/revisions"}],"predecessor-version":[{"id":1243,"href":"https:\/\/scucdf.be\/index.php\/wp-json\/wp\/v2\/pages\/1232\/revisions\/1243"}],"wp:attachment":[{"href":"https:\/\/scucdf.be\/index.php\/wp-json\/wp\/v2\/media?parent=1232"}],"curies":[{"name":"wp","href":"https:\/\/api.w.org\/{rel}","templated":true}]}}