{"id":1213,"date":"2026-02-28T14:29:56","date_gmt":"2026-02-28T13:29:56","guid":{"rendered":"https:\/\/scucdf.be\/?page_id=1213"},"modified":"2026-02-28T14:29:58","modified_gmt":"2026-02-28T13:29:58","slug":"les-chateaux-de-la-loire-sejour-de-juin-2024","status":"publish","type":"page","link":"https:\/\/scucdf.be\/index.php\/les-chateaux-de-la-loire-sejour-de-juin-2024\/","title":{"rendered":"Les ch\u00e2teaux de la Loire s\u00e9jour de juin 2024"},"content":{"rendered":"\n<p>Vous le savez, les ch\u00e2teaux, les ruines, j&#8217;aime \u00e7a, et quand est venue l&#8217;occasion d&#8217;aller s\u00e9journer dans la vall\u00e9e de la Loire, je ne me suis pas priv\u00e9 pour faire quelques visites des plus connus ; Amboise, Blois, Chenonceau, Chambord, Villandry..Cette page vous permettra de retrouver tous les albums de ce magnifique s\u00e9jour dans la vall\u00e9e de la Loire avec \u00e9galement les villes d&#8217;Orl\u00e9an de Troyes et de Reims ou nous sommes pass\u00e9s en cours de route <\/p>\n\n\n\n<p>Ch\u00e2teau de Chambord ; <a href=\"https:\/\/www.facebook.com\/media\/set\/?set=a.814576117333642&amp;type=3\">https:\/\/www.facebook.com\/media\/set\/?set=a.814576117333642&amp;type=3<\/a><\/p>\n\n\n\n<p>Ch\u00e2teau de Blois; <a href=\"https:\/\/www.facebook.com\/media\/set\/?set=a.815945547196699&amp;type=3\">https:\/\/www.facebook.com\/media\/set\/?set=a.815945547196699&amp;type=3<\/a><\/p>\n\n\n\n<p>Ville de Blois; <a href=\"https:\/\/www.facebook.com\/media\/set\/?set=a.817794520345135&amp;type=3\">https:\/\/www.facebook.com\/media\/set\/?set=a.817794520345135&amp;type=3<\/a><\/p>\n\n\n\n<p>Cha\u00e2teau de Villandry; <a href=\"https:\/\/www.facebook.com\/media\/set\/?set=a.817187590405828&amp;type=3\">https:\/\/www.facebook.com\/media\/set\/?set=a.817187590405828&amp;type=3<\/a><\/p>\n\n\n\n<p>Ch\u00e2teau d&#8217;Amboise; <a href=\"https:\/\/www.facebook.com\/media\/set\/?set=a.818943870230200&amp;type=3\">https:\/\/www.facebook.com\/media\/set\/?set=a.818943870230200&amp;type=3<\/a><\/p>\n\n\n\n<p>Ville d&#8217;Amboise; <a href=\"https:\/\/www.facebook.com\/media\/set\/?set=a.818789033579017&amp;type=3\">https:\/\/www.facebook.com\/media\/set\/?set=a.818789033579017&amp;type=3<\/a><\/p>\n\n\n\n<p>Ch\u00e2teau de Chenonceau; <a href=\"https:\/\/www.facebook.com\/media\/set\/?set=a.818363930288194&amp;type=3\">https:\/\/www.facebook.com\/media\/set\/?set=a.818363930288194&amp;type=3<\/a><\/p>\n\n\n\n<p>Ville d&#8217;Orl\u00e9ans; <a href=\"https:\/\/www.facebook.com\/media\/set\/?set=a.815051483952772&amp;type=3\">https:\/\/www.facebook.com\/media\/set\/?set=a.815051483952772&amp;type=3<\/a><\/p>\n\n\n\n<p>Ville de Troyes; <a href=\"https:\/\/www.facebook.com\/media\/set\/?set=a.813947510729836&amp;type=3\">https:\/\/www.facebook.com\/media\/set\/?set=a.813947510729836&amp;type=3<\/a><\/p>\n\n\n\n<p>Ville de reims; <a href=\"https:\/\/www.facebook.com\/media\/set\/?set=a.818193373638583&amp;type=3\">https:\/\/www.facebook.com\/media\/set\/?set=a.818193373638583&amp;type=3<\/a><\/p>\n\n\n\n<p>Expo Peugeot 203 et 403 au ch\u00e2teau de Villandry; <a href=\"https:\/\/www.facebook.com\/media\/set\/?set=a.816497420474845&amp;type=3\">https:\/\/www.facebook.com\/media\/set\/?set=a.816497420474845&amp;type=3<\/a><\/p>\n\n\n\n<figure class=\"wp-block-image size-large\"><img loading=\"lazy\" decoding=\"async\" width=\"1024\" height=\"683\" src=\"https:\/\/scucdf.be\/wp-content\/uploads\/2026\/02\/P1240459-1024x683.jpg\" alt=\"\" class=\"wp-image-1214\" srcset=\"https:\/\/scucdf.be\/wp-content\/uploads\/2026\/02\/P1240459-1024x683.jpg 1024w, https:\/\/scucdf.be\/wp-content\/uploads\/2026\/02\/P1240459-300x200.jpg 300w, https:\/\/scucdf.be\/wp-content\/uploads\/2026\/02\/P1240459-768x512.jpg 768w, https:\/\/scucdf.be\/wp-content\/uploads\/2026\/02\/P1240459-1536x1024.jpg 1536w, https:\/\/scucdf.be\/wp-content\/uploads\/2026\/02\/P1240459-2048x1365.jpg 2048w\" sizes=\"auto, (max-width: 1024px) 100vw, 1024px\" \/><\/figure>\n\n\n\n<figure class=\"wp-block-image size-large\"><img loading=\"lazy\" decoding=\"async\" width=\"683\" height=\"1024\" src=\"https:\/\/scucdf.be\/wp-content\/uploads\/2026\/02\/P1240728-683x1024.jpg\" alt=\"\" class=\"wp-image-1215\" srcset=\"https:\/\/scucdf.be\/wp-content\/uploads\/2026\/02\/P1240728-683x1024.jpg 683w, https:\/\/scucdf.be\/wp-content\/uploads\/2026\/02\/P1240728-200x300.jpg 200w, https:\/\/scucdf.be\/wp-content\/uploads\/2026\/02\/P1240728-768x1152.jpg 768w, https:\/\/scucdf.be\/wp-content\/uploads\/2026\/02\/P1240728-1024x1536.jpg 1024w, https:\/\/scucdf.be\/wp-content\/uploads\/2026\/02\/P1240728-1365x2048.jpg 1365w, https:\/\/scucdf.be\/wp-content\/uploads\/2026\/02\/P1240728-scaled.jpg 1707w\" sizes=\"auto, (max-width: 683px) 100vw, 683px\" \/><\/figure>\n\n\n\n<figure class=\"wp-block-image size-large\"><img loading=\"lazy\" decoding=\"async\" width=\"1024\" height=\"683\" src=\"https:\/\/scucdf.be\/wp-content\/uploads\/2026\/02\/P1240318-1024x683.jpg\" alt=\"\" class=\"wp-image-1216\" srcset=\"https:\/\/scucdf.be\/wp-content\/uploads\/2026\/02\/P1240318-1024x683.jpg 1024w, https:\/\/scucdf.be\/wp-content\/uploads\/2026\/02\/P1240318-300x200.jpg 300w, https:\/\/scucdf.be\/wp-content\/uploads\/2026\/02\/P1240318-768x512.jpg 768w, https:\/\/scucdf.be\/wp-content\/uploads\/2026\/02\/P1240318-1536x1024.jpg 1536w, https:\/\/scucdf.be\/wp-content\/uploads\/2026\/02\/P1240318-2048x1365.jpg 2048w\" sizes=\"auto, (max-width: 1024px) 100vw, 1024px\" \/><\/figure>\n\n\n\n<figure class=\"wp-block-image size-large\"><img loading=\"lazy\" decoding=\"async\" width=\"683\" height=\"1024\" src=\"https:\/\/scucdf.be\/wp-content\/uploads\/2026\/02\/P1240421-683x1024.jpg\" alt=\"\" class=\"wp-image-1217\" srcset=\"https:\/\/scucdf.be\/wp-content\/uploads\/2026\/02\/P1240421-683x1024.jpg 683w, https:\/\/scucdf.be\/wp-content\/uploads\/2026\/02\/P1240421-200x300.jpg 200w, https:\/\/scucdf.be\/wp-content\/uploads\/2026\/02\/P1240421-768x1152.jpg 768w, https:\/\/scucdf.be\/wp-content\/uploads\/2026\/02\/P1240421-1024x1536.jpg 1024w, https:\/\/scucdf.be\/wp-content\/uploads\/2026\/02\/P1240421-1366x2048.jpg 1366w, https:\/\/scucdf.be\/wp-content\/uploads\/2026\/02\/P1240421-scaled.jpg 1707w\" sizes=\"auto, (max-width: 683px) 100vw, 683px\" \/><\/figure>\n\n\n\n<figure class=\"wp-block-image size-large\"><img loading=\"lazy\" decoding=\"async\" width=\"1024\" height=\"683\" src=\"https:\/\/scucdf.be\/wp-content\/uploads\/2026\/02\/P1240183-1024x683.jpg\" alt=\"\" class=\"wp-image-1218\" srcset=\"https:\/\/scucdf.be\/wp-content\/uploads\/2026\/02\/P1240183-1024x683.jpg 1024w, https:\/\/scucdf.be\/wp-content\/uploads\/2026\/02\/P1240183-300x200.jpg 300w, https:\/\/scucdf.be\/wp-content\/uploads\/2026\/02\/P1240183-768x512.jpg 768w, https:\/\/scucdf.be\/wp-content\/uploads\/2026\/02\/P1240183-1536x1024.jpg 1536w, https:\/\/scucdf.be\/wp-content\/uploads\/2026\/02\/P1240183-2048x1365.jpg 2048w\" sizes=\"auto, (max-width: 1024px) 100vw, 1024px\" \/><\/figure>\n\n\n\n<figure class=\"wp-block-image size-large\"><img loading=\"lazy\" decoding=\"async\" width=\"1024\" height=\"683\" src=\"https:\/\/scucdf.be\/wp-content\/uploads\/2026\/02\/P1240264-1024x683.jpg\" alt=\"\" class=\"wp-image-1219\" srcset=\"https:\/\/scucdf.be\/wp-content\/uploads\/2026\/02\/P1240264-1024x683.jpg 1024w, https:\/\/scucdf.be\/wp-content\/uploads\/2026\/02\/P1240264-300x200.jpg 300w, https:\/\/scucdf.be\/wp-content\/uploads\/2026\/02\/P1240264-768x512.jpg 768w, https:\/\/scucdf.be\/wp-content\/uploads\/2026\/02\/P1240264-1536x1024.jpg 1536w, https:\/\/scucdf.be\/wp-content\/uploads\/2026\/02\/P1240264-2048x1365.jpg 2048w\" sizes=\"auto, (max-width: 1024px) 100vw, 1024px\" \/><\/figure>\n\n\n\n<figure class=\"wp-block-image size-large\"><img loading=\"lazy\" decoding=\"async\" width=\"1024\" height=\"683\" src=\"https:\/\/scucdf.be\/wp-content\/uploads\/2026\/02\/P1240657-1024x683.jpg\" alt=\"\" class=\"wp-image-1220\" srcset=\"https:\/\/scucdf.be\/wp-content\/uploads\/2026\/02\/P1240657-1024x683.jpg 1024w, https:\/\/scucdf.be\/wp-content\/uploads\/2026\/02\/P1240657-300x200.jpg 300w, https:\/\/scucdf.be\/wp-content\/uploads\/2026\/02\/P1240657-768x512.jpg 768w, https:\/\/scucdf.be\/wp-content\/uploads\/2026\/02\/P1240657-1536x1024.jpg 1536w, https:\/\/scucdf.be\/wp-content\/uploads\/2026\/02\/P1240657-2048x1365.jpg 2048w\" sizes=\"auto, (max-width: 1024px) 100vw, 1024px\" \/><\/figure>\n\n\n\n<figure class=\"wp-block-image size-large\"><img loading=\"lazy\" decoding=\"async\" width=\"683\" height=\"1024\" src=\"https:\/\/scucdf.be\/wp-content\/uploads\/2026\/02\/P1240672-683x1024.jpg\" alt=\"\" class=\"wp-image-1221\" srcset=\"https:\/\/scucdf.be\/wp-content\/uploads\/2026\/02\/P1240672-683x1024.jpg 683w, https:\/\/scucdf.be\/wp-content\/uploads\/2026\/02\/P1240672-200x300.jpg 200w, https:\/\/scucdf.be\/wp-content\/uploads\/2026\/02\/P1240672-768x1152.jpg 768w, https:\/\/scucdf.be\/wp-content\/uploads\/2026\/02\/P1240672-1024x1536.jpg 1024w, https:\/\/scucdf.be\/wp-content\/uploads\/2026\/02\/P1240672-1365x2048.jpg 1365w, https:\/\/scucdf.be\/wp-content\/uploads\/2026\/02\/P1240672-scaled.jpg 1707w\" sizes=\"auto, (max-width: 683px) 100vw, 683px\" \/><\/figure>\n\n\n\n<figure class=\"wp-block-image size-large\"><img loading=\"lazy\" decoding=\"async\" width=\"1024\" height=\"683\" src=\"https:\/\/scucdf.be\/wp-content\/uploads\/2026\/02\/P1240548-1024x683.jpg\" alt=\"\" class=\"wp-image-1222\" srcset=\"https:\/\/scucdf.be\/wp-content\/uploads\/2026\/02\/P1240548-1024x683.jpg 1024w, https:\/\/scucdf.be\/wp-content\/uploads\/2026\/02\/P1240548-300x200.jpg 300w, https:\/\/scucdf.be\/wp-content\/uploads\/2026\/02\/P1240548-768x512.jpg 768w, https:\/\/scucdf.be\/wp-content\/uploads\/2026\/02\/P1240548-1536x1024.jpg 1536w, https:\/\/scucdf.be\/wp-content\/uploads\/2026\/02\/P1240548-2048x1365.jpg 2048w\" sizes=\"auto, (max-width: 1024px) 100vw, 1024px\" \/><\/figure>\n\n\n\n<figure class=\"wp-block-image size-large\"><img loading=\"lazy\" decoding=\"async\" width=\"1024\" height=\"683\" src=\"https:\/\/scucdf.be\/wp-content\/uploads\/2026\/02\/P1240599-1024x683.jpg\" alt=\"\" class=\"wp-image-1223\" srcset=\"https:\/\/scucdf.be\/wp-content\/uploads\/2026\/02\/P1240599-1024x683.jpg 1024w, https:\/\/scucdf.be\/wp-content\/uploads\/2026\/02\/P1240599-300x200.jpg 300w, https:\/\/scucdf.be\/wp-content\/uploads\/2026\/02\/P1240599-768x512.jpg 768w, https:\/\/scucdf.be\/wp-content\/uploads\/2026\/02\/P1240599-1536x1024.jpg 1536w, https:\/\/scucdf.be\/wp-content\/uploads\/2026\/02\/P1240599-2048x1365.jpg 2048w\" sizes=\"auto, (max-width: 1024px) 100vw, 1024px\" \/><\/figure>\n\n\n\n<figure class=\"wp-block-image size-large\"><img loading=\"lazy\" decoding=\"async\" width=\"683\" height=\"1024\" src=\"https:\/\/scucdf.be\/wp-content\/uploads\/2026\/02\/P1240159-683x1024.jpg\" alt=\"\" class=\"wp-image-1224\" srcset=\"https:\/\/scucdf.be\/wp-content\/uploads\/2026\/02\/P1240159-683x1024.jpg 683w, https:\/\/scucdf.be\/wp-content\/uploads\/2026\/02\/P1240159-200x300.jpg 200w, https:\/\/scucdf.be\/wp-content\/uploads\/2026\/02\/P1240159-768x1152.jpg 768w, https:\/\/scucdf.be\/wp-content\/uploads\/2026\/02\/P1240159-1024x1536.jpg 1024w, https:\/\/scucdf.be\/wp-content\/uploads\/2026\/02\/P1240159-1365x2048.jpg 1365w, https:\/\/scucdf.be\/wp-content\/uploads\/2026\/02\/P1240159-scaled.jpg 1707w\" sizes=\"auto, (max-width: 683px) 100vw, 683px\" \/><\/figure>\n\n\n\n<figure class=\"wp-block-image size-large\"><img loading=\"lazy\" decoding=\"async\" width=\"1024\" height=\"683\" src=\"https:\/\/scucdf.be\/wp-content\/uploads\/2026\/02\/P1240041-1024x683.jpg\" alt=\"\" class=\"wp-image-1225\" srcset=\"https:\/\/scucdf.be\/wp-content\/uploads\/2026\/02\/P1240041-1024x683.jpg 1024w, https:\/\/scucdf.be\/wp-content\/uploads\/2026\/02\/P1240041-300x200.jpg 300w, https:\/\/scucdf.be\/wp-content\/uploads\/2026\/02\/P1240041-768x512.jpg 768w, https:\/\/scucdf.be\/wp-content\/uploads\/2026\/02\/P1240041-1536x1024.jpg 1536w, https:\/\/scucdf.be\/wp-content\/uploads\/2026\/02\/P1240041-2048x1366.jpg 2048w\" sizes=\"auto, (max-width: 1024px) 100vw, 1024px\" \/><\/figure>\n\n\n\n<figure class=\"wp-block-image size-large\"><img loading=\"lazy\" decoding=\"async\" width=\"1024\" height=\"768\" src=\"https:\/\/scucdf.be\/wp-content\/uploads\/2026\/02\/P1240806-1024x768.jpg\" alt=\"\" class=\"wp-image-1226\" srcset=\"https:\/\/scucdf.be\/wp-content\/uploads\/2026\/02\/P1240806-1024x768.jpg 1024w, https:\/\/scucdf.be\/wp-content\/uploads\/2026\/02\/P1240806-300x225.jpg 300w, https:\/\/scucdf.be\/wp-content\/uploads\/2026\/02\/P1240806-768x576.jpg 768w, https:\/\/scucdf.be\/wp-content\/uploads\/2026\/02\/P1240806-1536x1152.jpg 1536w, https:\/\/scucdf.be\/wp-content\/uploads\/2026\/02\/P1240806-2048x1536.jpg 2048w\" sizes=\"auto, (max-width: 1024px) 100vw, 1024px\" \/><\/figure>\n","protected":false},"excerpt":{"rendered":"<p>Vous le savez, les ch\u00e2teaux, les ruines, j&#8217;aime \u00e7a, et quand est venue l&#8217;occasion d&#8217;aller s\u00e9journer dans la vall\u00e9e de la Loire, je ne me suis pas priv\u00e9 pour faire quelques visites des plus connus ; Amboise, Blois, Chenonceau, Chambord, Villandry..Cette page vous permettra de retrouver tous les albums de ce magnifique s\u00e9jour dans la [&hellip;]<\/p>\n","protected":false},"author":3,"featured_media":0,"parent":0,"menu_order":0,"comment_status":"closed","ping_status":"closed","template":"","meta":{"ocean_post_layout":"","ocean_both_sidebars_style":"","ocean_both_sidebars_content_width":0,"ocean_both_sidebars_sidebars_width":0,"ocean_sidebar":"","ocean_second_sidebar":"","ocean_disable_margins":"enable","ocean_add_body_class":"","ocean_shortcode_before_top_bar":"","ocean_shortcode_after_top_bar":"","ocean_shortcode_before_header":"","ocean_shortcode_after_header":"","ocean_has_shortcode":"","ocean_shortcode_after_title":"","ocean_shortcode_before_footer_widgets":"","ocean_shortcode_after_footer_widgets":"","ocean_shortcode_before_footer_bottom":"","ocean_shortcode_after_footer_bottom":"","ocean_display_top_bar":"default","ocean_display_header":"default","ocean_header_style":"","ocean_center_header_left_menu":"","ocean_custom_header_template":"","ocean_custom_logo":0,"ocean_custom_retina_logo":0,"ocean_custom_logo_max_width":0,"ocean_custom_logo_tablet_max_width":0,"ocean_custom_logo_mobile_max_width":0,"ocean_custom_logo_max_height":0,"ocean_custom_logo_tablet_max_height":0,"ocean_custom_logo_mobile_max_height":0,"ocean_header_custom_menu":"","ocean_menu_typo_font_family":"","ocean_menu_typo_font_subset":"","ocean_menu_typo_font_size":0,"ocean_menu_typo_font_size_tablet":0,"ocean_menu_typo_font_size_mobile":0,"ocean_menu_typo_font_size_unit":"px","ocean_menu_typo_font_weight":"","ocean_menu_typo_font_weight_tablet":"","ocean_menu_typo_font_weight_mobile":"","ocean_menu_typo_transform":"","ocean_menu_typo_transform_tablet":"","ocean_menu_typo_transform_mobile":"","ocean_menu_typo_line_height":0,"ocean_menu_typo_line_height_tablet":0,"ocean_menu_typo_line_height_mobile":0,"ocean_menu_typo_line_height_unit":"","ocean_menu_typo_spacing":0,"ocean_menu_typo_spacing_tablet":0,"ocean_menu_typo_spacing_mobile":0,"ocean_menu_typo_spacing_unit":"","ocean_menu_link_color":"","ocean_menu_link_color_hover":"","ocean_menu_link_color_active":"","ocean_menu_link_background":"","ocean_menu_link_hover_background":"","ocean_menu_link_active_background":"","ocean_menu_social_links_bg":"","ocean_menu_social_hover_links_bg":"","ocean_menu_social_links_color":"","ocean_menu_social_hover_links_color":"","ocean_disable_title":"default","ocean_disable_heading":"default","ocean_post_title":"","ocean_post_subheading":"","ocean_post_title_style":"","ocean_post_title_background_color":"","ocean_post_title_background":0,"ocean_post_title_bg_image_position":"","ocean_post_title_bg_image_attachment":"","ocean_post_title_bg_image_repeat":"","ocean_post_title_bg_image_size":"","ocean_post_title_height":0,"ocean_post_title_bg_overlay":0.5,"ocean_post_title_bg_overlay_color":"","ocean_disable_breadcrumbs":"default","ocean_breadcrumbs_color":"","ocean_breadcrumbs_separator_color":"","ocean_breadcrumbs_links_color":"","ocean_breadcrumbs_links_hover_color":"","ocean_display_footer_widgets":"default","ocean_display_footer_bottom":"default","ocean_custom_footer_template":"","footnotes":""},"class_list":["post-1213","page","type-page","status-publish","hentry","entry"],"_links":{"self":[{"href":"https:\/\/scucdf.be\/index.php\/wp-json\/wp\/v2\/pages\/1213","targetHints":{"allow":["GET"]}}],"collection":[{"href":"https:\/\/scucdf.be\/index.php\/wp-json\/wp\/v2\/pages"}],"about":[{"href":"https:\/\/scucdf.be\/index.php\/wp-json\/wp\/v2\/types\/page"}],"author":[{"embeddable":true,"href":"https:\/\/scucdf.be\/index.php\/wp-json\/wp\/v2\/users\/3"}],"replies":[{"embeddable":true,"href":"https:\/\/scucdf.be\/index.php\/wp-json\/wp\/v2\/comments?post=1213"}],"version-history":[{"count":1,"href":"https:\/\/scucdf.be\/index.php\/wp-json\/wp\/v2\/pages\/1213\/revisions"}],"predecessor-version":[{"id":1228,"href":"https:\/\/scucdf.be\/index.php\/wp-json\/wp\/v2\/pages\/1213\/revisions\/1228"}],"wp:attachment":[{"href":"https:\/\/scucdf.be\/index.php\/wp-json\/wp\/v2\/media?parent=1213"}],"curies":[{"name":"wp","href":"https:\/\/api.w.org\/{rel}","templated":true}]}}