{"id":1201,"date":"2026-02-28T13:17:54","date_gmt":"2026-02-28T12:17:54","guid":{"rendered":"https:\/\/scucdf.be\/?page_id=1201"},"modified":"2026-03-01T18:49:08","modified_gmt":"2026-03-01T17:49:08","slug":"balade-yvoir-poilvache-dinant-08-02-2026","status":"publish","type":"page","link":"https:\/\/scucdf.be\/index.php\/balade-yvoir-poilvache-dinant-08-02-2026\/","title":{"rendered":"Balade Yvoir-Poilvache-Dinant 08\/02\/2026"},"content":{"rendered":"\n<p>C&#8217;est au d\u00e9part de la maison communale que je d\u00e9cide de commencer ma balade dominicale. Directement, la mont\u00e9e par les escaliers vers le domaine du Lonnoy vous fera chauffer les cuisses pour la suite. Direction &#8220;sur lees roches&#8221; et la r\u00e9servenaturelle de Champalle d&#8217;ou la vue sur la vall\u00e9e de la Meuse est juste magnifique avec la brume qui recouvre la vall\u00e9e. Apr\u00e8s avoir longuement profit\u00e9 du paysage, je continue ma route vers les ruines de poilvache avant de descendre vers Houx. Une bonne grimpette pour rejoindre Blocqmont et me voil\u00e0 sur la route qui me permettra de rejoindre la r\u00e9serve Natagora de Devant-Bouvignes. La brume envahi encore la vall\u00e9e, les ruines de Cr\u00e8vecoeur et Bouvignes se cachent, mais l&#8217;ambiance est vraiment belle avec le soleil qui perce le brouillard. Je continue mon chemin vers Neffe et l&#8217;abbaye de Leffe avant de longer la Meuse jusqu&#8217;\u00e0 l&#8217;\u00e9cluse de Houx que je traverse et rejoints Anh\u00e9e le long du fleuve ou la brume s&#8217;est disip\u00e9e . Une derni\u00e8re travers\u00e9e sur le pont d&#8217;Yvoir me permet de rejoindre mon point de d\u00e9part par un petit chemin qui longe le Bocq. Cette randonn\u00e9e de 22 kilom\u00e8tres ne comporte pas de difficult\u00e9s techniques, mais les deux belles c\u00f4tes du d\u00e9but sont l\u00e0 pour vous r\u00e9chauffer pour la suite ..<\/p>\n\n\n\n<p>Le lien pour t\u00e9l\u00e9charger le fichier GPX de la balade; <a href=\"https:\/\/mega.nz\/file\/1ylWnYDR#KDe8E2U9l6B-4tKVUQQJoYo1wGOJf1nyx9Tgur8D67A\">https:\/\/mega.nz\/file\/1ylWnYDR#KDe8E2U9l6B-4tKVUQQJoYo1wGOJf1nyx9Tgur8D67A<\/a><\/p>\n\n\n\n<p>Le lien pour revoir l&#8217;album Facebook; <a href=\"https:\/\/www.facebook.com\/media\/set\/?set=a.122111725287223682&amp;type=3\">https:\/\/www.facebook.com\/media\/set\/?set=a.122111725287223682&amp;type=3<\/a><\/p>\n\n\n\n<figure class=\"wp-block-image size-large\"><img loading=\"lazy\" decoding=\"async\" width=\"1024\" height=\"768\" src=\"https:\/\/scucdf.be\/wp-content\/uploads\/2026\/02\/1660759-1024x768.jpg\" alt=\"\" class=\"wp-image-1202\" srcset=\"https:\/\/scucdf.be\/wp-content\/uploads\/2026\/02\/1660759-1024x768.jpg 1024w, https:\/\/scucdf.be\/wp-content\/uploads\/2026\/02\/1660759-300x225.jpg 300w, https:\/\/scucdf.be\/wp-content\/uploads\/2026\/02\/1660759-768x576.jpg 768w, https:\/\/scucdf.be\/wp-content\/uploads\/2026\/02\/1660759-1536x1152.jpg 1536w, https:\/\/scucdf.be\/wp-content\/uploads\/2026\/02\/1660759-2048x1536.jpg 2048w\" sizes=\"auto, (max-width: 1024px) 100vw, 1024px\" \/><\/figure>\n\n\n\n<figure class=\"wp-block-image size-large\"><img loading=\"lazy\" decoding=\"async\" width=\"1024\" height=\"768\" src=\"https:\/\/scucdf.be\/wp-content\/uploads\/2026\/02\/1660780-1024x768.jpg\" alt=\"\" class=\"wp-image-1203\" srcset=\"https:\/\/scucdf.be\/wp-content\/uploads\/2026\/02\/1660780-1024x768.jpg 1024w, https:\/\/scucdf.be\/wp-content\/uploads\/2026\/02\/1660780-300x225.jpg 300w, https:\/\/scucdf.be\/wp-content\/uploads\/2026\/02\/1660780-768x576.jpg 768w, https:\/\/scucdf.be\/wp-content\/uploads\/2026\/02\/1660780-1536x1152.jpg 1536w, https:\/\/scucdf.be\/wp-content\/uploads\/2026\/02\/1660780-2048x1536.jpg 2048w\" sizes=\"auto, (max-width: 1024px) 100vw, 1024px\" \/><\/figure>\n\n\n\n<figure class=\"wp-block-image size-large\"><img loading=\"lazy\" decoding=\"async\" width=\"1024\" height=\"683\" src=\"https:\/\/scucdf.be\/wp-content\/uploads\/2026\/02\/1660841-1024x683.jpg\" alt=\"\" class=\"wp-image-1204\" srcset=\"https:\/\/scucdf.be\/wp-content\/uploads\/2026\/02\/1660841-1024x683.jpg 1024w, https:\/\/scucdf.be\/wp-content\/uploads\/2026\/02\/1660841-300x200.jpg 300w, https:\/\/scucdf.be\/wp-content\/uploads\/2026\/02\/1660841-768x512.jpg 768w, https:\/\/scucdf.be\/wp-content\/uploads\/2026\/02\/1660841-1536x1024.jpg 1536w, https:\/\/scucdf.be\/wp-content\/uploads\/2026\/02\/1660841-2048x1365.jpg 2048w\" sizes=\"auto, (max-width: 1024px) 100vw, 1024px\" \/><\/figure>\n\n\n\n<figure class=\"wp-block-image size-large\"><img loading=\"lazy\" decoding=\"async\" width=\"1024\" height=\"683\" src=\"https:\/\/scucdf.be\/wp-content\/uploads\/2026\/02\/1660894-1024x683.jpg\" alt=\"\" class=\"wp-image-1205\" srcset=\"https:\/\/scucdf.be\/wp-content\/uploads\/2026\/02\/1660894-1024x683.jpg 1024w, https:\/\/scucdf.be\/wp-content\/uploads\/2026\/02\/1660894-300x200.jpg 300w, https:\/\/scucdf.be\/wp-content\/uploads\/2026\/02\/1660894-768x512.jpg 768w, https:\/\/scucdf.be\/wp-content\/uploads\/2026\/02\/1660894-1536x1024.jpg 1536w, https:\/\/scucdf.be\/wp-content\/uploads\/2026\/02\/1660894-2048x1365.jpg 2048w\" sizes=\"auto, (max-width: 1024px) 100vw, 1024px\" \/><\/figure>\n\n\n\n<figure class=\"wp-block-image size-large\"><img loading=\"lazy\" decoding=\"async\" width=\"1024\" height=\"768\" src=\"https:\/\/scucdf.be\/wp-content\/uploads\/2026\/02\/1660937-1024x768.jpg\" alt=\"\" class=\"wp-image-1206\" srcset=\"https:\/\/scucdf.be\/wp-content\/uploads\/2026\/02\/1660937-1024x768.jpg 1024w, https:\/\/scucdf.be\/wp-content\/uploads\/2026\/02\/1660937-300x225.jpg 300w, https:\/\/scucdf.be\/wp-content\/uploads\/2026\/02\/1660937-768x576.jpg 768w, https:\/\/scucdf.be\/wp-content\/uploads\/2026\/02\/1660937-1536x1152.jpg 1536w, https:\/\/scucdf.be\/wp-content\/uploads\/2026\/02\/1660937-2048x1536.jpg 2048w\" sizes=\"auto, (max-width: 1024px) 100vw, 1024px\" \/><\/figure>\n\n\n\n<figure class=\"wp-block-image size-large\"><img loading=\"lazy\" decoding=\"async\" width=\"768\" height=\"1024\" src=\"https:\/\/scucdf.be\/wp-content\/uploads\/2026\/02\/1660963-768x1024.jpg\" alt=\"\" class=\"wp-image-1207\" srcset=\"https:\/\/scucdf.be\/wp-content\/uploads\/2026\/02\/1660963-768x1024.jpg 768w, https:\/\/scucdf.be\/wp-content\/uploads\/2026\/02\/1660963-225x300.jpg 225w, https:\/\/scucdf.be\/wp-content\/uploads\/2026\/02\/1660963-1152x1536.jpg 1152w, https:\/\/scucdf.be\/wp-content\/uploads\/2026\/02\/1660963-1536x2048.jpg 1536w, https:\/\/scucdf.be\/wp-content\/uploads\/2026\/02\/1660963-scaled.jpg 1920w\" sizes=\"auto, (max-width: 768px) 100vw, 768px\" \/><\/figure>\n\n\n\n<figure class=\"wp-block-image size-large\"><img loading=\"lazy\" decoding=\"async\" width=\"1024\" height=\"683\" src=\"https:\/\/scucdf.be\/wp-content\/uploads\/2026\/02\/1660999-1024x683.jpg\" alt=\"\" class=\"wp-image-1208\" srcset=\"https:\/\/scucdf.be\/wp-content\/uploads\/2026\/02\/1660999-1024x683.jpg 1024w, https:\/\/scucdf.be\/wp-content\/uploads\/2026\/02\/1660999-300x200.jpg 300w, https:\/\/scucdf.be\/wp-content\/uploads\/2026\/02\/1660999-768x512.jpg 768w, https:\/\/scucdf.be\/wp-content\/uploads\/2026\/02\/1660999-1536x1024.jpg 1536w, https:\/\/scucdf.be\/wp-content\/uploads\/2026\/02\/1660999-2048x1365.jpg 2048w\" sizes=\"auto, (max-width: 1024px) 100vw, 1024px\" \/><\/figure>\n\n\n\n<figure class=\"wp-block-image size-large\"><img loading=\"lazy\" decoding=\"async\" width=\"1024\" height=\"768\" src=\"https:\/\/scucdf.be\/wp-content\/uploads\/2026\/02\/1670012-1024x768.jpg\" alt=\"\" class=\"wp-image-1209\" srcset=\"https:\/\/scucdf.be\/wp-content\/uploads\/2026\/02\/1670012-1024x768.jpg 1024w, https:\/\/scucdf.be\/wp-content\/uploads\/2026\/02\/1670012-300x225.jpg 300w, https:\/\/scucdf.be\/wp-content\/uploads\/2026\/02\/1670012-768x576.jpg 768w, https:\/\/scucdf.be\/wp-content\/uploads\/2026\/02\/1670012-1536x1152.jpg 1536w, https:\/\/scucdf.be\/wp-content\/uploads\/2026\/02\/1670012-2048x1536.jpg 2048w\" sizes=\"auto, (max-width: 1024px) 100vw, 1024px\" \/><\/figure>\n\n\n\n<figure class=\"wp-block-image size-large\"><img loading=\"lazy\" decoding=\"async\" width=\"1024\" height=\"683\" src=\"https:\/\/scucdf.be\/wp-content\/uploads\/2026\/02\/1670024-1024x683.jpg\" alt=\"\" class=\"wp-image-1210\" srcset=\"https:\/\/scucdf.be\/wp-content\/uploads\/2026\/02\/1670024-1024x683.jpg 1024w, https:\/\/scucdf.be\/wp-content\/uploads\/2026\/02\/1670024-300x200.jpg 300w, https:\/\/scucdf.be\/wp-content\/uploads\/2026\/02\/1670024-768x512.jpg 768w, https:\/\/scucdf.be\/wp-content\/uploads\/2026\/02\/1670024-1536x1024.jpg 1536w, https:\/\/scucdf.be\/wp-content\/uploads\/2026\/02\/1670024-2048x1365.jpg 2048w\" sizes=\"auto, (max-width: 1024px) 100vw, 1024px\" \/><\/figure>\n","protected":false},"excerpt":{"rendered":"<p>C&#8217;est au d\u00e9part de la maison communale que je d\u00e9cide de commencer ma balade dominicale. Directement, la mont\u00e9e par les escaliers vers le domaine du Lonnoy vous fera chauffer les cuisses pour la suite. Direction &#8220;sur lees roches&#8221; et la r\u00e9servenaturelle de Champalle d&#8217;ou la vue sur la vall\u00e9e de la Meuse est juste magnifique [&hellip;]<\/p>\n","protected":false},"author":3,"featured_media":0,"parent":0,"menu_order":0,"comment_status":"closed","ping_status":"closed","template":"","meta":{"ocean_post_layout":"","ocean_both_sidebars_style":"","ocean_both_sidebars_content_width":0,"ocean_both_sidebars_sidebars_width":0,"ocean_sidebar":"","ocean_second_sidebar":"","ocean_disable_margins":"enable","ocean_add_body_class":"","ocean_shortcode_before_top_bar":"","ocean_shortcode_after_top_bar":"","ocean_shortcode_before_header":"","ocean_shortcode_after_header":"","ocean_has_shortcode":"","ocean_shortcode_after_title":"","ocean_shortcode_before_footer_widgets":"","ocean_shortcode_after_footer_widgets":"","ocean_shortcode_before_footer_bottom":"","ocean_shortcode_after_footer_bottom":"","ocean_display_top_bar":"default","ocean_display_header":"default","ocean_header_style":"","ocean_center_header_left_menu":"","ocean_custom_header_template":"","ocean_custom_logo":0,"ocean_custom_retina_logo":0,"ocean_custom_logo_max_width":0,"ocean_custom_logo_tablet_max_width":0,"ocean_custom_logo_mobile_max_width":0,"ocean_custom_logo_max_height":0,"ocean_custom_logo_tablet_max_height":0,"ocean_custom_logo_mobile_max_height":0,"ocean_header_custom_menu":"","ocean_menu_typo_font_family":"","ocean_menu_typo_font_subset":"","ocean_menu_typo_font_size":0,"ocean_menu_typo_font_size_tablet":0,"ocean_menu_typo_font_size_mobile":0,"ocean_menu_typo_font_size_unit":"px","ocean_menu_typo_font_weight":"","ocean_menu_typo_font_weight_tablet":"","ocean_menu_typo_font_weight_mobile":"","ocean_menu_typo_transform":"","ocean_menu_typo_transform_tablet":"","ocean_menu_typo_transform_mobile":"","ocean_menu_typo_line_height":0,"ocean_menu_typo_line_height_tablet":0,"ocean_menu_typo_line_height_mobile":0,"ocean_menu_typo_line_height_unit":"","ocean_menu_typo_spacing":0,"ocean_menu_typo_spacing_tablet":0,"ocean_menu_typo_spacing_mobile":0,"ocean_menu_typo_spacing_unit":"","ocean_menu_link_color":"","ocean_menu_link_color_hover":"","ocean_menu_link_color_active":"","ocean_menu_link_background":"","ocean_menu_link_hover_background":"","ocean_menu_link_active_background":"","ocean_menu_social_links_bg":"","ocean_menu_social_hover_links_bg":"","ocean_menu_social_links_color":"","ocean_menu_social_hover_links_color":"","ocean_disable_title":"default","ocean_disable_heading":"default","ocean_post_title":"","ocean_post_subheading":"","ocean_post_title_style":"","ocean_post_title_background_color":"","ocean_post_title_background":0,"ocean_post_title_bg_image_position":"","ocean_post_title_bg_image_attachment":"","ocean_post_title_bg_image_repeat":"","ocean_post_title_bg_image_size":"","ocean_post_title_height":0,"ocean_post_title_bg_overlay":0.5,"ocean_post_title_bg_overlay_color":"","ocean_disable_breadcrumbs":"default","ocean_breadcrumbs_color":"","ocean_breadcrumbs_separator_color":"","ocean_breadcrumbs_links_color":"","ocean_breadcrumbs_links_hover_color":"","ocean_display_footer_widgets":"default","ocean_display_footer_bottom":"default","ocean_custom_footer_template":"","footnotes":""},"class_list":["post-1201","page","type-page","status-publish","hentry","entry"],"_links":{"self":[{"href":"https:\/\/scucdf.be\/index.php\/wp-json\/wp\/v2\/pages\/1201","targetHints":{"allow":["GET"]}}],"collection":[{"href":"https:\/\/scucdf.be\/index.php\/wp-json\/wp\/v2\/pages"}],"about":[{"href":"https:\/\/scucdf.be\/index.php\/wp-json\/wp\/v2\/types\/page"}],"author":[{"embeddable":true,"href":"https:\/\/scucdf.be\/index.php\/wp-json\/wp\/v2\/users\/3"}],"replies":[{"embeddable":true,"href":"https:\/\/scucdf.be\/index.php\/wp-json\/wp\/v2\/comments?post=1201"}],"version-history":[{"count":3,"href":"https:\/\/scucdf.be\/index.php\/wp-json\/wp\/v2\/pages\/1201\/revisions"}],"predecessor-version":[{"id":1231,"href":"https:\/\/scucdf.be\/index.php\/wp-json\/wp\/v2\/pages\/1201\/revisions\/1231"}],"wp:attachment":[{"href":"https:\/\/scucdf.be\/index.php\/wp-json\/wp\/v2\/media?parent=1201"}],"curies":[{"name":"wp","href":"https:\/\/api.w.org\/{rel}","templated":true}]}}