{"id":1187,"date":"2026-02-18T17:53:44","date_gmt":"2026-02-18T16:53:44","guid":{"rendered":"https:\/\/scucdf.be\/?page_id=1187"},"modified":"2026-02-18T17:53:47","modified_gmt":"2026-02-18T16:53:47","slug":"balade-falaen-fter-serville-weillen-sommiere-25-01-2025","status":"publish","type":"page","link":"https:\/\/scucdf.be\/index.php\/balade-falaen-fter-serville-weillen-sommiere-25-01-2025\/","title":{"rendered":"Balade Fala\u00ebn-Fter-Serville-Weillen-Sommi\u00e8re 25\/01\/2025"},"content":{"rendered":"\n<p>M\u00eame quand le ciel est menacant, il fait bon se balader dans nos belles campagnes et nos villages walh\u00e9rois.Partis de Fala\u00ebn, je me suis dirig\u00e9 vers Fter pour passer par l&#8217;\u00e9tang avant de rejondre Ostemer\u00e9e et son ch\u00e2teau. Ensuis je poursuit vers Serville, l&#8217;ancien gu\u00e9, la neffe de l&#8217;ancienne \u00e9glise et l&#8217;arbre au lutin. Direction Weilllen par lla route, mais elle est peu fr\u00e9quant\u00e9e, donc \u00e7a n&#8217;est pas un probl\u00e8me. Apr\u00e8s avoir travers\u00e9 le Flavion sur le pont fra\u00eechement r\u00e9nov\u00e9, je remonte vers le ch\u00e2teau et l&#8217;\u00e9glise pour grimper au grand bon-dieu. Je prendrai la direction de Sommi\u00e8re avant de descendre vers Montaigle ou le soleil vient enfin \u00e9clairer nos belles campagnes. Le retour sur Fala\u00ebn se fera par la H\u00e9ronni\u00e8re avec une belle vue sur la vall\u00e9e et sur le village.<\/p>\n\n\n\n<p>Le lien pour t\u00e9l\u00e9charger le fichier gpx de la balade ; <a href=\"https:\/\/mega.nz\/file\/F6c2UA4a#F95aLOK3pr4luqZPubU5SOrj_SgbCLKtdIpQrRrGqvE\">https:\/\/mega.nz\/file\/F6c2UA4a#F95aLOK3pr4luqZPubU5SOrj_SgbCLKtdIpQrRrGqvE<\/a><\/p>\n\n\n\n<p>Le lien pour revoir l&#8217;album Facebook ;<a href=\"https:\/\/www.facebook.com\/media\/set\/?set=a.122107824789223682&amp;type=3\">https:\/\/www.facebook.com\/media\/set\/?set=a.122107824789223682&amp;type=3<\/a><\/p>\n\n\n\n<figure class=\"wp-block-image size-large\"><img loading=\"lazy\" decoding=\"async\" width=\"768\" height=\"1024\" src=\"https:\/\/scucdf.be\/wp-content\/uploads\/2026\/02\/1660290-768x1024.jpg\" alt=\"\" class=\"wp-image-1188\" srcset=\"https:\/\/scucdf.be\/wp-content\/uploads\/2026\/02\/1660290-768x1024.jpg 768w, https:\/\/scucdf.be\/wp-content\/uploads\/2026\/02\/1660290-225x300.jpg 225w, https:\/\/scucdf.be\/wp-content\/uploads\/2026\/02\/1660290-1152x1536.jpg 1152w, https:\/\/scucdf.be\/wp-content\/uploads\/2026\/02\/1660290-1536x2048.jpg 1536w, https:\/\/scucdf.be\/wp-content\/uploads\/2026\/02\/1660290-scaled.jpg 1920w\" sizes=\"auto, (max-width: 768px) 100vw, 768px\" \/><\/figure>\n\n\n\n<figure class=\"wp-block-image size-large\"><img loading=\"lazy\" decoding=\"async\" width=\"768\" height=\"1024\" src=\"https:\/\/scucdf.be\/wp-content\/uploads\/2026\/02\/1660302-768x1024.jpg\" alt=\"\" class=\"wp-image-1189\" srcset=\"https:\/\/scucdf.be\/wp-content\/uploads\/2026\/02\/1660302-768x1024.jpg 768w, https:\/\/scucdf.be\/wp-content\/uploads\/2026\/02\/1660302-225x300.jpg 225w, https:\/\/scucdf.be\/wp-content\/uploads\/2026\/02\/1660302-1152x1536.jpg 1152w, https:\/\/scucdf.be\/wp-content\/uploads\/2026\/02\/1660302-1536x2048.jpg 1536w, https:\/\/scucdf.be\/wp-content\/uploads\/2026\/02\/1660302-scaled.jpg 1920w\" sizes=\"auto, (max-width: 768px) 100vw, 768px\" \/><\/figure>\n\n\n\n<figure class=\"wp-block-image size-large\"><img loading=\"lazy\" decoding=\"async\" width=\"1024\" height=\"683\" src=\"https:\/\/scucdf.be\/wp-content\/uploads\/2026\/02\/1660318-1024x683.jpg\" alt=\"\" class=\"wp-image-1190\" srcset=\"https:\/\/scucdf.be\/wp-content\/uploads\/2026\/02\/1660318-1024x683.jpg 1024w, https:\/\/scucdf.be\/wp-content\/uploads\/2026\/02\/1660318-300x200.jpg 300w, https:\/\/scucdf.be\/wp-content\/uploads\/2026\/02\/1660318-768x512.jpg 768w, https:\/\/scucdf.be\/wp-content\/uploads\/2026\/02\/1660318-1536x1024.jpg 1536w, https:\/\/scucdf.be\/wp-content\/uploads\/2026\/02\/1660318-2048x1365.jpg 2048w\" sizes=\"auto, (max-width: 1024px) 100vw, 1024px\" \/><\/figure>\n\n\n\n<figure class=\"wp-block-image size-large\"><img loading=\"lazy\" decoding=\"async\" width=\"1024\" height=\"683\" src=\"https:\/\/scucdf.be\/wp-content\/uploads\/2026\/02\/1660346-1024x683.jpg\" alt=\"\" class=\"wp-image-1191\" srcset=\"https:\/\/scucdf.be\/wp-content\/uploads\/2026\/02\/1660346-1024x683.jpg 1024w, https:\/\/scucdf.be\/wp-content\/uploads\/2026\/02\/1660346-300x200.jpg 300w, https:\/\/scucdf.be\/wp-content\/uploads\/2026\/02\/1660346-768x512.jpg 768w, https:\/\/scucdf.be\/wp-content\/uploads\/2026\/02\/1660346-1536x1024.jpg 1536w, https:\/\/scucdf.be\/wp-content\/uploads\/2026\/02\/1660346-2048x1365.jpg 2048w\" sizes=\"auto, (max-width: 1024px) 100vw, 1024px\" \/><\/figure>\n\n\n\n<figure class=\"wp-block-image size-large\"><img loading=\"lazy\" decoding=\"async\" width=\"1024\" height=\"683\" src=\"https:\/\/scucdf.be\/wp-content\/uploads\/2026\/02\/1660370-1024x683.jpg\" alt=\"\" class=\"wp-image-1192\" srcset=\"https:\/\/scucdf.be\/wp-content\/uploads\/2026\/02\/1660370-1024x683.jpg 1024w, https:\/\/scucdf.be\/wp-content\/uploads\/2026\/02\/1660370-300x200.jpg 300w, https:\/\/scucdf.be\/wp-content\/uploads\/2026\/02\/1660370-768x512.jpg 768w, https:\/\/scucdf.be\/wp-content\/uploads\/2026\/02\/1660370-1536x1024.jpg 1536w, https:\/\/scucdf.be\/wp-content\/uploads\/2026\/02\/1660370-2048x1365.jpg 2048w\" sizes=\"auto, (max-width: 1024px) 100vw, 1024px\" \/><\/figure>\n\n\n\n<figure class=\"wp-block-image size-large\"><img loading=\"lazy\" decoding=\"async\" width=\"1024\" height=\"683\" src=\"https:\/\/scucdf.be\/wp-content\/uploads\/2026\/02\/1660388-1024x683.jpg\" alt=\"\" class=\"wp-image-1193\" srcset=\"https:\/\/scucdf.be\/wp-content\/uploads\/2026\/02\/1660388-1024x683.jpg 1024w, https:\/\/scucdf.be\/wp-content\/uploads\/2026\/02\/1660388-300x200.jpg 300w, https:\/\/scucdf.be\/wp-content\/uploads\/2026\/02\/1660388-768x512.jpg 768w, https:\/\/scucdf.be\/wp-content\/uploads\/2026\/02\/1660388-1536x1024.jpg 1536w, https:\/\/scucdf.be\/wp-content\/uploads\/2026\/02\/1660388-2048x1365.jpg 2048w\" sizes=\"auto, (max-width: 1024px) 100vw, 1024px\" \/><\/figure>\n","protected":false},"excerpt":{"rendered":"<p>M\u00eame quand le ciel est menacant, il fait bon se balader dans nos belles campagnes et nos villages walh\u00e9rois.Partis de Fala\u00ebn, je me suis dirig\u00e9 vers Fter pour passer par l&#8217;\u00e9tang avant de rejondre Ostemer\u00e9e et son ch\u00e2teau. Ensuis je poursuit vers Serville, l&#8217;ancien gu\u00e9, la neffe de l&#8217;ancienne \u00e9glise et l&#8217;arbre au lutin. Direction [&hellip;]<\/p>\n","protected":false},"author":3,"featured_media":0,"parent":0,"menu_order":0,"comment_status":"closed","ping_status":"closed","template":"","meta":{"ocean_post_layout":"","ocean_both_sidebars_style":"","ocean_both_sidebars_content_width":0,"ocean_both_sidebars_sidebars_width":0,"ocean_sidebar":"","ocean_second_sidebar":"","ocean_disable_margins":"enable","ocean_add_body_class":"","ocean_shortcode_before_top_bar":"","ocean_shortcode_after_top_bar":"","ocean_shortcode_before_header":"","ocean_shortcode_after_header":"","ocean_has_shortcode":"","ocean_shortcode_after_title":"","ocean_shortcode_before_footer_widgets":"","ocean_shortcode_after_footer_widgets":"","ocean_shortcode_before_footer_bottom":"","ocean_shortcode_after_footer_bottom":"","ocean_display_top_bar":"default","ocean_display_header":"default","ocean_header_style":"","ocean_center_header_left_menu":"","ocean_custom_header_template":"","ocean_custom_logo":0,"ocean_custom_retina_logo":0,"ocean_custom_logo_max_width":0,"ocean_custom_logo_tablet_max_width":0,"ocean_custom_logo_mobile_max_width":0,"ocean_custom_logo_max_height":0,"ocean_custom_logo_tablet_max_height":0,"ocean_custom_logo_mobile_max_height":0,"ocean_header_custom_menu":"","ocean_menu_typo_font_family":"","ocean_menu_typo_font_subset":"","ocean_menu_typo_font_size":0,"ocean_menu_typo_font_size_tablet":0,"ocean_menu_typo_font_size_mobile":0,"ocean_menu_typo_font_size_unit":"px","ocean_menu_typo_font_weight":"","ocean_menu_typo_font_weight_tablet":"","ocean_menu_typo_font_weight_mobile":"","ocean_menu_typo_transform":"","ocean_menu_typo_transform_tablet":"","ocean_menu_typo_transform_mobile":"","ocean_menu_typo_line_height":0,"ocean_menu_typo_line_height_tablet":0,"ocean_menu_typo_line_height_mobile":0,"ocean_menu_typo_line_height_unit":"","ocean_menu_typo_spacing":0,"ocean_menu_typo_spacing_tablet":0,"ocean_menu_typo_spacing_mobile":0,"ocean_menu_typo_spacing_unit":"","ocean_menu_link_color":"","ocean_menu_link_color_hover":"","ocean_menu_link_color_active":"","ocean_menu_link_background":"","ocean_menu_link_hover_background":"","ocean_menu_link_active_background":"","ocean_menu_social_links_bg":"","ocean_menu_social_hover_links_bg":"","ocean_menu_social_links_color":"","ocean_menu_social_hover_links_color":"","ocean_disable_title":"default","ocean_disable_heading":"default","ocean_post_title":"","ocean_post_subheading":"","ocean_post_title_style":"","ocean_post_title_background_color":"","ocean_post_title_background":0,"ocean_post_title_bg_image_position":"","ocean_post_title_bg_image_attachment":"","ocean_post_title_bg_image_repeat":"","ocean_post_title_bg_image_size":"","ocean_post_title_height":0,"ocean_post_title_bg_overlay":0.5,"ocean_post_title_bg_overlay_color":"","ocean_disable_breadcrumbs":"default","ocean_breadcrumbs_color":"","ocean_breadcrumbs_separator_color":"","ocean_breadcrumbs_links_color":"","ocean_breadcrumbs_links_hover_color":"","ocean_display_footer_widgets":"default","ocean_display_footer_bottom":"default","ocean_custom_footer_template":"","footnotes":""},"class_list":["post-1187","page","type-page","status-publish","hentry","entry"],"_links":{"self":[{"href":"https:\/\/scucdf.be\/index.php\/wp-json\/wp\/v2\/pages\/1187","targetHints":{"allow":["GET"]}}],"collection":[{"href":"https:\/\/scucdf.be\/index.php\/wp-json\/wp\/v2\/pages"}],"about":[{"href":"https:\/\/scucdf.be\/index.php\/wp-json\/wp\/v2\/types\/page"}],"author":[{"embeddable":true,"href":"https:\/\/scucdf.be\/index.php\/wp-json\/wp\/v2\/users\/3"}],"replies":[{"embeddable":true,"href":"https:\/\/scucdf.be\/index.php\/wp-json\/wp\/v2\/comments?post=1187"}],"version-history":[{"count":2,"href":"https:\/\/scucdf.be\/index.php\/wp-json\/wp\/v2\/pages\/1187\/revisions"}],"predecessor-version":[{"id":1197,"href":"https:\/\/scucdf.be\/index.php\/wp-json\/wp\/v2\/pages\/1187\/revisions\/1197"}],"wp:attachment":[{"href":"https:\/\/scucdf.be\/index.php\/wp-json\/wp\/v2\/media?parent=1187"}],"curies":[{"name":"wp","href":"https:\/\/api.w.org\/{rel}","templated":true}]}}